{"id":28459,"date":"2025-02-09T20:14:59","date_gmt":"2025-02-09T19:14:59","guid":{"rendered":"https:\/\/wordpress.prod.adler.projects.sma-dev.de\/?page_id=28459"},"modified":"2025-02-17T13:45:31","modified_gmt":"2025-02-17T12:45:31","slug":"ev-anwendungen","status":"publish","type":"page","link":"https:\/\/www.adlerelectric.com\/de\/ev-anwendungen\/","title":{"rendered":"EV Anwendungen"},"content":{"rendered":"\n<div class=\"wp-block-cover alignfull block__page-header\" style=\"min-height:623px;aspect-ratio:unset;\"><span aria-hidden=\"true\" class=\"wp-block-cover__background has-background-dim\"><\/span><img decoding=\"async\" class=\"wp-block-cover__image-background wp-image-152 lazyload\" alt=\"\" data-src=\"https:\/\/www.adlerelectric.com\/uploads\/2024\/07\/EV_menu-1.jpg\" data-object-fit=\"cover\" src=\"data:image\/svg+xml;base64,PHN2ZyB3aWR0aD0iMSIgaGVpZ2h0PSIxIiB4bWxucz0iaHR0cDovL3d3dy53My5vcmcvMjAwMC9zdmciPjwvc3ZnPg==\" style=\"--smush-placeholder-width: 722px; --smush-placeholder-aspect-ratio: 722\/400;\" \/><div class=\"wp-block-cover__inner-container is-layout-constrained wp-block-cover-is-layout-constrained\">\n<div class=\"wp-block-group content__row\"><div class=\"wp-block-group__inner-container is-layout-constrained wp-block-group-is-layout-constrained\">\n<div class=\"wp-block-group\"><div class=\"wp-block-group__inner-container is-layout-constrained wp-block-group-is-layout-constrained\">\n<h2 class=\"wp-block-heading alignwide\">Unsere L\u00f6sungen f\u00fcr Elektromobilit\u00e4t<\/h2>\n\n\n\n<h1 class=\"wp-block-heading has-text-align-left\">Mit Sicherheit elektrisch unterwegs.<\/h1>\n\n\n\n<p>Hochwertige Sicherungen f\u00fcr Elektrofahrzeuge und Ladestationen<\/p>\n<\/div><\/div>\n<\/div><\/div>\n<\/div><\/div>\n\n\n\n<div class=\"wp-block-columns alignfull image__content-block is-layout-flex wp-container-core-columns-is-layout-9d6595d7 wp-block-columns-is-layout-flex\">\n<div class=\"wp-block-column content is-layout-flow wp-block-column-is-layout-flow\">\n<div class=\"wp-block-cover is-light\" style=\"min-height:50vh;aspect-ratio:unset;\"><span aria-hidden=\"true\" class=\"wp-block-cover__background has-gray-background-color has-background-dim-100 has-background-dim\"><\/span><div class=\"wp-block-cover__inner-container is-layout-constrained wp-block-cover-is-layout-constrained\">\n<h2 class=\"wp-block-heading has-darkblue-color has-text-color has-link-color wp-elements-2e6bd53a4509735515049643daeee4df\">Hochwertig und effizient.<\/h2>\n\n\n\n<p style=\"font-size:19px\">In der Welt der Elektromobilit\u00e4t sind Sicherheitskomponenten entscheidend f\u00fcr den Schutz von Fahrzeug und Fahrer. Elektrische Sicherungen spielen eine entscheidende Rolle bei der Gew\u00e4hrleistung der Sicherheit, Effizienz und Langlebigkeit von EV-Systemen. Unsere hochwertigen EV-Sicherungen gew\u00e4hrleisten nicht nur einen reibungslosen Betrieb Ihres Elektrofahrzeuges bzw. Ihrer EV-Ladestation, sondern sch\u00fctzen auch vor \u00dcberlastungen und Kurzschl\u00fcssen. Vertrauen Sie auf modernste Technologien, die f\u00fcr maximale Sicherheit und Langlebigkeit entwickelt wurden!<\/p>\n\n\n\n<p><\/p>\n<\/div><\/div>\n<\/div>\n\n\n\n<div class=\"wp-block-column image is-layout-flow wp-block-column-is-layout-flow\">\n<div class=\"wp-block-cover alignfull is-light\" style=\"min-height:50vh;aspect-ratio:unset;\"><span aria-hidden=\"true\" class=\"wp-block-cover__background has-darkblue-background-color has-background-dim-20 has-background-dim\"><\/span><img decoding=\"async\" width=\"1920\" height=\"2560\" class=\"wp-block-cover__image-background wp-image-28649 lazyload\" alt=\"\" data-src=\"https:\/\/www.adlerelectric.com\/uploads\/2025\/02\/pexels-kindelmedia-9799996-scaled-1.jpg\" data-object-fit=\"cover\" data-srcset=\"https:\/\/www.adlerelectric.com\/uploads\/2025\/02\/pexels-kindelmedia-9799996-scaled-1.jpg 1920w, https:\/\/www.adlerelectric.com\/uploads\/2025\/02\/pexels-kindelmedia-9799996-scaled-1-225x300.jpg 225w, https:\/\/www.adlerelectric.com\/uploads\/2025\/02\/pexels-kindelmedia-9799996-scaled-1-768x1024.jpg 768w, https:\/\/www.adlerelectric.com\/uploads\/2025\/02\/pexels-kindelmedia-9799996-scaled-1-1152x1536.jpg 1152w, https:\/\/www.adlerelectric.com\/uploads\/2025\/02\/pexels-kindelmedia-9799996-scaled-1-1536x2048.jpg 1536w, https:\/\/www.adlerelectric.com\/uploads\/2025\/02\/pexels-kindelmedia-9799996-scaled-1-600x800.jpg 600w\" data-sizes=\"(max-width: 1920px) 100vw, 1920px\" src=\"data:image\/svg+xml;base64,PHN2ZyB3aWR0aD0iMSIgaGVpZ2h0PSIxIiB4bWxucz0iaHR0cDovL3d3dy53My5vcmcvMjAwMC9zdmciPjwvc3ZnPg==\" style=\"--smush-placeholder-width: 1920px; --smush-placeholder-aspect-ratio: 1920\/2560;\" \/><div class=\"wp-block-cover__inner-container is-layout-constrained wp-block-cover-is-layout-constrained\">\n<p class=\"has-text-align-center has-white-color has-text-color has-link-color wp-elements-677b70eb016aa58971a327e1277abd71\" style=\"font-size:30px\"><\/p>\n<\/div><\/div>\n<\/div>\n<\/div>\n\n\n\n<div class=\"wp-block-columns alignfull image__content-block is-layout-flex wp-container-core-columns-is-layout-9d6595d7 wp-block-columns-is-layout-flex\">\n<div class=\"wp-block-column image is-layout-flow wp-block-column-is-layout-flow\">\n<div class=\"wp-block-cover alignfull is-light\" style=\"min-height:50vh;aspect-ratio:unset;\"><span aria-hidden=\"true\" class=\"wp-block-cover__background has-primary-red-background-color has-background-dim-10 has-background-dim\"><\/span><img decoding=\"async\" width=\"2560\" height=\"1486\" class=\"wp-block-cover__image-background wp-image-28651 lazyload\" alt=\"\" data-src=\"https:\/\/www.adlerelectric.com\/uploads\/2025\/02\/AdobeStock_229023270-scaled-1.jpeg\" data-object-fit=\"cover\" data-srcset=\"https:\/\/www.adlerelectric.com\/uploads\/2025\/02\/AdobeStock_229023270-scaled-1.jpeg 2560w, https:\/\/www.adlerelectric.com\/uploads\/2025\/02\/AdobeStock_229023270-scaled-1-300x174.jpeg 300w, https:\/\/www.adlerelectric.com\/uploads\/2025\/02\/AdobeStock_229023270-scaled-1-1024x594.jpeg 1024w, https:\/\/www.adlerelectric.com\/uploads\/2025\/02\/AdobeStock_229023270-scaled-1-768x446.jpeg 768w, https:\/\/www.adlerelectric.com\/uploads\/2025\/02\/AdobeStock_229023270-scaled-1-1536x892.jpeg 1536w, https:\/\/www.adlerelectric.com\/uploads\/2025\/02\/AdobeStock_229023270-scaled-1-2048x1189.jpeg 2048w, https:\/\/www.adlerelectric.com\/uploads\/2025\/02\/AdobeStock_229023270-scaled-1-600x348.jpeg 600w\" data-sizes=\"(max-width: 2560px) 100vw, 2560px\" src=\"data:image\/svg+xml;base64,PHN2ZyB3aWR0aD0iMSIgaGVpZ2h0PSIxIiB4bWxucz0iaHR0cDovL3d3dy53My5vcmcvMjAwMC9zdmciPjwvc3ZnPg==\" style=\"--smush-placeholder-width: 2560px; --smush-placeholder-aspect-ratio: 2560\/1486;\" \/><div class=\"wp-block-cover__inner-container is-layout-constrained wp-block-cover-is-layout-constrained\">\n<p class=\"has-text-align-center has-white-color has-text-color has-link-color wp-elements-677b70eb016aa58971a327e1277abd71\" style=\"font-size:30px\"><\/p>\n<\/div><\/div>\n<\/div>\n\n\n\n<div class=\"wp-block-column is-vertically-aligned-center content is-layout-flow wp-block-column-is-layout-flow\">\n<div class=\"wp-block-cover is-light\" style=\"min-height:50vh;aspect-ratio:unset;\"><span aria-hidden=\"true\" class=\"wp-block-cover__background has-gray-background-color has-background-dim-100 has-background-dim\"><\/span><div class=\"wp-block-cover__inner-container is-layout-constrained wp-block-cover-is-layout-constrained\">\n<h2 class=\"wp-block-heading has-darkblue-color has-text-color has-link-color wp-elements-6daa070390ee3e0a175eb526210bd10c\">Termingenau und bedarfsorientiert.<\/h2>\n\n\n\n<p style=\"font-size:20px\">Genie\u00dfen Sie mit Produkten von ADLER ELECTRIC die Sicherheit einer verl\u00e4sslichen Planung. Dank einer hocheffizienten Logistikkette von der Bestellung \u00fcber die Produktion bis zur Auslieferung k\u00f6nnen Sie darauf verlassen, dass Ihre ben\u00f6tigten Produkte schnell und zuverl\u00e4ssig zum vereinbarten Termin bei Ihnen sind \u2013 und das mit Lieferzeiten, die weit unter dem branchen\u00fcblichen Durchschnitt liegen. Dar\u00fcber hinaus unterliegen Bestellungen bei uns keinen Mengenbeschr\u00e4nkungen. Wir liefern ab Menge 1 und je nach Ihren Bedarfen bis zur ben\u00f6tigten Gesamtmenge, die wir nach Ihren W\u00fcnschen gerne auch flexibel \u00fcber einen Lieferzeitraum staffeln.<\/p>\n<\/div><\/div>\n<\/div>\n<\/div>\n\n\n\n<div class=\"wp-block-columns alignfull image__content-block is-layout-flex wp-container-core-columns-is-layout-9d6595d7 wp-block-columns-is-layout-flex\">\n<div class=\"wp-block-column is-vertically-aligned-center content is-layout-flow wp-block-column-is-layout-flow\">\n<div class=\"wp-block-cover is-light\" style=\"min-height:50vh;aspect-ratio:unset;\"><span aria-hidden=\"true\" class=\"wp-block-cover__background has-white-background-color has-background-dim-100 has-background-dim\"><\/span><div class=\"wp-block-cover__inner-container is-layout-constrained wp-block-cover-is-layout-constrained\">\n<figure class=\"wp-block-image size-full\"><img decoding=\"async\" data-src=\"https:\/\/www.adlerelectric.com\/uploads\/2024\/12\/New-Swe-Check-Logo-Plus-Tag.jpg\" alt=\"\" class=\"wp-image-14441 lazyload\" src=\"data:image\/svg+xml;base64,PHN2ZyB3aWR0aD0iMSIgaGVpZ2h0PSIxIiB4bWxucz0iaHR0cDovL3d3dy53My5vcmcvMjAwMC9zdmciPjwvc3ZnPg==\" style=\"--smush-placeholder-width: 941px; --smush-placeholder-aspect-ratio: 941\/223;\" \/><\/figure>\n\n\n\n<div style=\"height:50px\" aria-hidden=\"true\" class=\"wp-block-spacer\"><\/div>\n\n\n\n<p class=\"has-text-align-left\" style=\"font-size:20px\">\u201eWir arbeiten seit mehreren Jahren mit ADLER zusammen und sie haben unsere Erwartungen stets \u00fcbertroffen. Das ADLER Team geht auf unsere Anfragen ein, hat ein offenes Ohr f\u00fcr die Bed\u00fcrfnisse unserer Kunden und bietet proaktiven Support.&nbsp;&nbsp;Als integraler Partner im Gesch\u00e4ft von Swe-Check tr\u00e4gt das Unternehmen mit seinen Produkten und seinem Service auch zum Erfolg unserer Kunden bei.\u201c<\/p>\n\n\n\n<p>\u2013 Corey Gorander, Gesch\u00e4ftsf\u00fchrer SWE-Check \u2013<\/p>\n<\/div><\/div>\n<\/div>\n\n\n\n<div class=\"wp-block-column image is-layout-flow wp-block-column-is-layout-flow\">\n<div class=\"wp-block-cover alignfull\" style=\"min-height:50vh;aspect-ratio:unset;\"><span aria-hidden=\"true\" class=\"wp-block-cover__background has-darkblue-background-color has-background-dim-20 has-background-dim\"><\/span><img decoding=\"async\" width=\"649\" height=\"433\" class=\"wp-block-cover__image-background wp-image-6356 lazyload\" alt=\"\" data-src=\"https:\/\/www.adlerelectric.com\/uploads\/2024\/12\/Charging-Station.jpg\" data-object-fit=\"cover\" data-srcset=\"https:\/\/www.adlerelectric.com\/uploads\/2024\/12\/Charging-Station.jpg 649w, https:\/\/www.adlerelectric.com\/uploads\/2024\/12\/Charging-Station-600x400.jpg 600w, https:\/\/www.adlerelectric.com\/uploads\/2024\/12\/Charging-Station-300x200.jpg 300w\" data-sizes=\"(max-width: 649px) 100vw, 649px\" src=\"data:image\/svg+xml;base64,PHN2ZyB3aWR0aD0iMSIgaGVpZ2h0PSIxIiB4bWxucz0iaHR0cDovL3d3dy53My5vcmcvMjAwMC9zdmciPjwvc3ZnPg==\" style=\"--smush-placeholder-width: 649px; --smush-placeholder-aspect-ratio: 649\/433;\" \/><div class=\"wp-block-cover__inner-container is-layout-constrained wp-block-cover-is-layout-constrained\">\n<p class=\"has-text-align-center has-white-color has-text-color has-link-color wp-elements-677b70eb016aa58971a327e1277abd71\" style=\"font-size:30px\"><\/p>\n<\/div><\/div>\n<\/div>\n<\/div>\n\n\n\n<div style=\"height:50px\" aria-hidden=\"true\" class=\"wp-block-spacer\"><\/div>\n\n\n\n<div class=\"wp-block-buttons is-content-justification-center is-layout-flex wp-container-core-buttons-is-layout-16018d1d wp-block-buttons-is-layout-flex\">\n<div class=\"wp-block-button\"><a class=\"wp-block-button__link wp-element-button\" href=\"https:\/\/www.adlerelectric.com\/de\/produkt-kategorie\/ev_de_de\/\">Zu unseren Produkten<\/a><\/div>\n<\/div>\n\n\n\n<div style=\"height:50px\" aria-hidden=\"true\" class=\"wp-block-spacer\"><\/div>\n","protected":false},"excerpt":{"rendered":"","protected":false},"author":1,"featured_media":27142,"parent":0,"menu_order":0,"comment_status":"closed","ping_status":"closed","template":"page-overview.php","meta":{"footnotes":""},"class_list":["post-28459","page","type-page","status-publish","has-post-thumbnail","hentry"],"yoast_head":"<!-- This site is optimized with the Yoast SEO plugin v26.8 - https:\/\/yoast.com\/product\/yoast-seo-wordpress\/ -->\n<title>EV Anwendungen - ADLER<\/title>\n<meta name=\"description\" content=\"Hochwertige Sicherungen f\u00fcr Elektromobilit\u00e4t und den reibungslosen Betrieb von E-Fahrzeugen und Ladestationen.\" \/>\n<meta name=\"robots\" content=\"index, follow, max-snippet:-1, max-image-preview:large, max-video-preview:-1\" \/>\n<link rel=\"canonical\" href=\"https:\/\/www.adlerelectric.com\/de\/ev-anwendungen\/\" \/>\n<meta property=\"og:locale\" content=\"de_DE\" \/>\n<meta property=\"og:type\" content=\"article\" \/>\n<meta property=\"og:title\" content=\"EV Anwendungen - ADLER\" \/>\n<meta property=\"og:description\" content=\"Hochwertige Sicherungen f\u00fcr Elektromobilit\u00e4t und den reibungslosen Betrieb von E-Fahrzeugen und Ladestationen.\" \/>\n<meta property=\"og:url\" content=\"https:\/\/www.adlerelectric.com\/de\/ev-anwendungen\/\" \/>\n<meta property=\"og:site_name\" content=\"ADLER\" \/>\n<meta property=\"article:modified_time\" content=\"2025-02-17T12:45:31+00:00\" \/>\n<meta property=\"og:image\" content=\"https:\/\/www.adlerelectric.com\/uploads\/2024\/07\/EV_menu-1.jpg\" \/>\n\t<meta property=\"og:image:width\" content=\"722\" \/>\n\t<meta property=\"og:image:height\" content=\"400\" \/>\n\t<meta property=\"og:image:type\" content=\"image\/jpeg\" \/>\n<meta name=\"twitter:card\" content=\"summary_large_image\" \/>\n<meta name=\"twitter:label1\" content=\"Gesch\u00e4tzte Lesezeit\" \/>\n\t<meta name=\"twitter:data1\" content=\"3\u00a0Minuten\" \/>\n<script type=\"application\/ld+json\" class=\"yoast-schema-graph\">{\"@context\":\"https:\/\/schema.org\",\"@graph\":[{\"@type\":\"WebPage\",\"@id\":\"https:\/\/www.adlerelectric.com\/de\/ev-anwendungen\/\",\"url\":\"https:\/\/www.adlerelectric.com\/de\/ev-anwendungen\/\",\"name\":\"EV Anwendungen - ADLER\",\"isPartOf\":{\"@id\":\"https:\/\/www.adlerelectric.com\/de\/#website\"},\"primaryImageOfPage\":{\"@id\":\"https:\/\/www.adlerelectric.com\/de\/ev-anwendungen\/#primaryimage\"},\"image\":{\"@id\":\"https:\/\/www.adlerelectric.com\/de\/ev-anwendungen\/#primaryimage\"},\"thumbnailUrl\":\"https:\/\/www.adlerelectric.com\/uploads\/2024\/07\/EV_menu-1.jpg\",\"datePublished\":\"2025-02-09T19:14:59+00:00\",\"dateModified\":\"2025-02-17T12:45:31+00:00\",\"description\":\"Hochwertige Sicherungen f\u00fcr Elektromobilit\u00e4t und den reibungslosen Betrieb von E-Fahrzeugen und Ladestationen.\",\"breadcrumb\":{\"@id\":\"https:\/\/www.adlerelectric.com\/de\/ev-anwendungen\/#breadcrumb\"},\"inLanguage\":\"de\",\"potentialAction\":[{\"@type\":\"ReadAction\",\"target\":[\"https:\/\/www.adlerelectric.com\/de\/ev-anwendungen\/\"]}]},{\"@type\":\"ImageObject\",\"inLanguage\":\"de\",\"@id\":\"https:\/\/www.adlerelectric.com\/de\/ev-anwendungen\/#primaryimage\",\"url\":\"https:\/\/www.adlerelectric.com\/uploads\/2024\/07\/EV_menu-1.jpg\",\"contentUrl\":\"https:\/\/www.adlerelectric.com\/uploads\/2024\/07\/EV_menu-1.jpg\",\"width\":722,\"height\":400},{\"@type\":\"BreadcrumbList\",\"@id\":\"https:\/\/www.adlerelectric.com\/de\/ev-anwendungen\/#breadcrumb\",\"itemListElement\":[{\"@type\":\"ListItem\",\"position\":1,\"name\":\"Home\",\"item\":\"https:\/\/www.adlerelectric.com\/de\/\"},{\"@type\":\"ListItem\",\"position\":2,\"name\":\"EV Anwendungen\"}]},{\"@type\":\"WebSite\",\"@id\":\"https:\/\/www.adlerelectric.com\/de\/#website\",\"url\":\"https:\/\/www.adlerelectric.com\/de\/\",\"name\":\"ADLER\",\"description\":\"Secure Connection to the Energy Transition\",\"potentialAction\":[{\"@type\":\"SearchAction\",\"target\":{\"@type\":\"EntryPoint\",\"urlTemplate\":\"https:\/\/www.adlerelectric.com\/de\/?s={search_term_string}\"},\"query-input\":{\"@type\":\"PropertyValueSpecification\",\"valueRequired\":true,\"valueName\":\"search_term_string\"}}],\"inLanguage\":\"de\"}]}<\/script>\n<!-- \/ Yoast SEO plugin. -->","yoast_head_json":{"title":"EV Anwendungen - ADLER","description":"Hochwertige Sicherungen f\u00fcr Elektromobilit\u00e4t und den reibungslosen Betrieb von E-Fahrzeugen und Ladestationen.","robots":{"index":"index","follow":"follow","max-snippet":"max-snippet:-1","max-image-preview":"max-image-preview:large","max-video-preview":"max-video-preview:-1"},"canonical":"https:\/\/www.adlerelectric.com\/de\/ev-anwendungen\/","og_locale":"de_DE","og_type":"article","og_title":"EV Anwendungen - ADLER","og_description":"Hochwertige Sicherungen f\u00fcr Elektromobilit\u00e4t und den reibungslosen Betrieb von E-Fahrzeugen und Ladestationen.","og_url":"https:\/\/www.adlerelectric.com\/de\/ev-anwendungen\/","og_site_name":"ADLER","article_modified_time":"2025-02-17T12:45:31+00:00","og_image":[{"width":722,"height":400,"url":"https:\/\/www.adlerelectric.com\/uploads\/2024\/07\/EV_menu-1.jpg","type":"image\/jpeg"}],"twitter_card":"summary_large_image","twitter_misc":{"Gesch\u00e4tzte Lesezeit":"3\u00a0Minuten"},"schema":{"@context":"https:\/\/schema.org","@graph":[{"@type":"WebPage","@id":"https:\/\/www.adlerelectric.com\/de\/ev-anwendungen\/","url":"https:\/\/www.adlerelectric.com\/de\/ev-anwendungen\/","name":"EV Anwendungen - ADLER","isPartOf":{"@id":"https:\/\/www.adlerelectric.com\/de\/#website"},"primaryImageOfPage":{"@id":"https:\/\/www.adlerelectric.com\/de\/ev-anwendungen\/#primaryimage"},"image":{"@id":"https:\/\/www.adlerelectric.com\/de\/ev-anwendungen\/#primaryimage"},"thumbnailUrl":"https:\/\/www.adlerelectric.com\/uploads\/2024\/07\/EV_menu-1.jpg","datePublished":"2025-02-09T19:14:59+00:00","dateModified":"2025-02-17T12:45:31+00:00","description":"Hochwertige Sicherungen f\u00fcr Elektromobilit\u00e4t und den reibungslosen Betrieb von E-Fahrzeugen und Ladestationen.","breadcrumb":{"@id":"https:\/\/www.adlerelectric.com\/de\/ev-anwendungen\/#breadcrumb"},"inLanguage":"de","potentialAction":[{"@type":"ReadAction","target":["https:\/\/www.adlerelectric.com\/de\/ev-anwendungen\/"]}]},{"@type":"ImageObject","inLanguage":"de","@id":"https:\/\/www.adlerelectric.com\/de\/ev-anwendungen\/#primaryimage","url":"https:\/\/www.adlerelectric.com\/uploads\/2024\/07\/EV_menu-1.jpg","contentUrl":"https:\/\/www.adlerelectric.com\/uploads\/2024\/07\/EV_menu-1.jpg","width":722,"height":400},{"@type":"BreadcrumbList","@id":"https:\/\/www.adlerelectric.com\/de\/ev-anwendungen\/#breadcrumb","itemListElement":[{"@type":"ListItem","position":1,"name":"Home","item":"https:\/\/www.adlerelectric.com\/de\/"},{"@type":"ListItem","position":2,"name":"EV Anwendungen"}]},{"@type":"WebSite","@id":"https:\/\/www.adlerelectric.com\/de\/#website","url":"https:\/\/www.adlerelectric.com\/de\/","name":"ADLER","description":"Secure Connection to the Energy Transition","potentialAction":[{"@type":"SearchAction","target":{"@type":"EntryPoint","urlTemplate":"https:\/\/www.adlerelectric.com\/de\/?s={search_term_string}"},"query-input":{"@type":"PropertyValueSpecification","valueRequired":true,"valueName":"search_term_string"}}],"inLanguage":"de"}]}},"_links":{"self":[{"href":"https:\/\/www.adlerelectric.com\/de\/wp-json\/wp\/v2\/pages\/28459","targetHints":{"allow":["GET"]}}],"collection":[{"href":"https:\/\/www.adlerelectric.com\/de\/wp-json\/wp\/v2\/pages"}],"about":[{"href":"https:\/\/www.adlerelectric.com\/de\/wp-json\/wp\/v2\/types\/page"}],"author":[{"embeddable":true,"href":"https:\/\/www.adlerelectric.com\/de\/wp-json\/wp\/v2\/users\/1"}],"replies":[{"embeddable":true,"href":"https:\/\/www.adlerelectric.com\/de\/wp-json\/wp\/v2\/comments?post=28459"}],"version-history":[{"count":9,"href":"https:\/\/www.adlerelectric.com\/de\/wp-json\/wp\/v2\/pages\/28459\/revisions"}],"predecessor-version":[{"id":30761,"href":"https:\/\/www.adlerelectric.com\/de\/wp-json\/wp\/v2\/pages\/28459\/revisions\/30761"}],"wp:featuredmedia":[{"embeddable":true,"href":"https:\/\/www.adlerelectric.com\/de\/wp-json\/wp\/v2\/media\/27142"}],"wp:attachment":[{"href":"https:\/\/www.adlerelectric.com\/de\/wp-json\/wp\/v2\/media?parent=28459"}],"curies":[{"name":"wp","href":"https:\/\/api.w.org\/{rel}","templated":true}]}}