{"id":28467,"date":"2025-02-09T20:23:55","date_gmt":"2025-02-09T19:23:55","guid":{"rendered":"https:\/\/wordpress.prod.adler.projects.sma-dev.de\/?page_id=28467"},"modified":"2025-02-09T20:25:22","modified_gmt":"2025-02-09T19:25:22","slug":"impressum","status":"publish","type":"page","link":"https:\/\/www.adlerelectric.com\/de\/impressum\/","title":{"rendered":"Impressum"},"content":{"rendered":"\n<p class=\"deco_font\"><strong>ADLER Elektrotechnik Leipzig GmbH<\/strong><br>Haynaer Weg 16<br>04435 Schkeuditz<br>DEUTSCHLAND<\/p>\n\n\n\n<figure class=\"wp-block-table contact__infos\"><table><tbody><tr><td>Tel:<\/td><td><strong>+49 34207 \/ 97 36 36<\/strong><\/td><\/tr><tr><td>Fax:<\/td><td><strong>+49 34207 \/ 97 36 35<\/strong><\/td><\/tr><tr><td><\/td><td><\/td><\/tr><tr><td><\/td><td><\/td><\/tr><tr><td>Email:<\/td><td><strong>info@adlerelektro.de<\/strong><\/td><\/tr><tr><td><\/td><td><strong>info@adlerelectric.com<\/strong><\/td><\/tr><tr><td><\/td><td><\/td><\/tr><tr><td><\/td><td><\/td><\/tr><tr><td>Web:<\/td><td><strong>https:\/\/www.adlerelektro.de<\/strong><\/td><\/tr><tr><td><\/td><td><strong>https:\/\/www.adlerelectric.com<\/strong><\/td><\/tr><\/tbody><\/table><\/figure>\n\n\n\n<p>Vertretungsberechtigter Gesch\u00e4ftsf\u00fchrer:<br><strong>Thomas Winter<\/strong><\/p>\n\n\n\n<p>Umsatzsteuer-ID gem\u00e4\u00df. \u00a7 27a UStG: <br><strong>DE305138572<\/strong><\/p>\n\n\n\n<p>HRB Nr.:<br><strong>32327<\/strong><\/p>\n\n\n\n<p>Registergericht:<br><strong>Amtsgericht Leipzig<\/strong><\/p>\n\n\n\n<p>Verantwortlich f\u00fcr den Inhalt gem\u00e4\u00df \u00a7 55 Abs. 2 RStV:<br><strong>Thomas Winter<\/strong><\/p>\n\n\n\n<p><strong>Haftungshinweis:<\/strong><br>Trotz sorgf\u00e4ltiger inhaltlicher Kontrolle \u00fcbernehmen wir keine Haftung f\u00fcr die Inhalte externer Links. F\u00fcr die auf der Homepage enthaltenen Links und Verweise auf andere Websites und die darin enthaltenen Inhalte wird keine Verantwortung \u00fcbernommen. Es wird kein Anspruch auf Vollst\u00e4ndigkeit oder Exklusivit\u00e4t des Inhalts erhoben. Es wird keine Haftung f\u00fcr die ver\u00f6ffentlichten Inhalte \u00fcbernommen. Trotz gr\u00f6\u00dftm\u00f6glicher Sorgfalt kann keine Garantie f\u00fcr die Richtigkeit der Ergebnisse gegeben werden. F\u00fcr den Inhalt der verlinkten Seiten sind ausschlie\u00dflich deren Betreiber verantwortlich. Wir distanzieren uns ausdr\u00fccklich von allen Inhalten aller gelinkten Seiten und machen uns deren Inhalte nicht zu eigen. Diese Erkl\u00e4rung gilt f\u00fcr alle auf der Website verwendeten Links und f\u00fcr alle Inhalte der Seiten.<\/p>\n\n\n\n<p><strong>Urheberrechtshinweis:<\/strong><br>Alle auf der Homepage ver\u00f6ffentlichten Abbildungen, Artikel, Essays und Programme sind urheberrechtlich gesch\u00fctzt. Jede vom Urheberrechtsgesetz nicht zugelassene Verwertung bedarf der vorherigen schriftlichen Zustimmung des Anbieters. Dies gilt insbesondere f\u00fcr die Vervielf\u00e4ltigung, Bearbeitung und Verarbeitung von Inhalten in elektronischen Medien.<\/p>\n","protected":false},"excerpt":{"rendered":"ADLER Elektrotechnik Leipzig GmbHHaynaer Weg 1604435 SchkeuditzDEUTSCHLAND Tel:+49 34207 \/ 97 36 36Fax:+49 34207 \/ 97 36 35Email:info@adlerelektro.deinfo@adlerelectric.comWeb:https:\/\/www.adlerelektro.dehttps:\/\/www.adlerelectric.com Vertretungsberechtigter Gesch\u00e4ftsf\u00fchrer:Thomas Winter Umsatzsteuer-ID gem\u00e4\u00df. \u00a7 27a UStG: DE305138572 HRB Nr.:32327 Registergericht:Amtsgericht Leipzig Verantwortlich f\u00fcr den Inhalt gem\u00e4\u00df \u00a7 55 Abs. 2 RStV:Thomas Winter Haftungshinweis:Trotz sorgf\u00e4ltiger inhaltlicher Kontrolle \u00fcbernehmen wir keine Haftung f\u00fcr die Inhalte externer Links. [&hellip;]","protected":false},"author":1,"featured_media":0,"parent":0,"menu_order":0,"comment_status":"closed","ping_status":"closed","template":"page-small.php","meta":{"footnotes":""},"class_list":["post-28467","page","type-page","status-publish","hentry"],"yoast_head":"<!-- This site is optimized with the Yoast SEO plugin v27.5 - https:\/\/yoast.com\/product\/yoast-seo-wordpress\/ -->\n<title>Impressum - ADLER<\/title>\n<meta name=\"robots\" content=\"index, follow, max-snippet:-1, max-image-preview:large, max-video-preview:-1\" \/>\n<link rel=\"canonical\" href=\"https:\/\/www.adlerelectric.com\/de\/impressum\/\" \/>\n<meta property=\"og:locale\" content=\"de_DE\" \/>\n<meta property=\"og:type\" content=\"article\" \/>\n<meta property=\"og:title\" content=\"Impressum - ADLER\" \/>\n<meta property=\"og:description\" content=\"ADLER Elektrotechnik Leipzig GmbHHaynaer Weg 1604435 SchkeuditzDEUTSCHLAND Tel:+49 34207 \/ 97 36 36Fax:+49 34207 \/ 97 36 35Email:info@adlerelektro.deinfo@adlerelectric.comWeb:https:\/\/www.adlerelektro.dehttps:\/\/www.adlerelectric.com Vertretungsberechtigter Gesch\u00e4ftsf\u00fchrer:Thomas Winter Umsatzsteuer-ID gem\u00e4\u00df. \u00a7 27a UStG: DE305138572 HRB Nr.:32327 Registergericht:Amtsgericht Leipzig Verantwortlich f\u00fcr den Inhalt gem\u00e4\u00df \u00a7 55 Abs. 2 RStV:Thomas Winter Haftungshinweis:Trotz sorgf\u00e4ltiger inhaltlicher Kontrolle \u00fcbernehmen wir keine Haftung f\u00fcr die Inhalte externer Links. [&hellip;]\" \/>\n<meta property=\"og:url\" content=\"https:\/\/www.adlerelectric.com\/de\/impressum\/\" \/>\n<meta property=\"og:site_name\" content=\"ADLER\" \/>\n<meta property=\"article:modified_time\" content=\"2025-02-09T19:25:22+00:00\" \/>\n<meta name=\"twitter:card\" content=\"summary_large_image\" \/>\n<meta name=\"twitter:label1\" content=\"Gesch\u00e4tzte Lesezeit\" \/>\n\t<meta name=\"twitter:data1\" content=\"1\u00a0Minute\" \/>\n<script type=\"application\/ld+json\" class=\"yoast-schema-graph\">{\"@context\":\"https:\\\/\\\/schema.org\",\"@graph\":[{\"@type\":\"WebPage\",\"@id\":\"https:\\\/\\\/www.adlerelectric.com\\\/de\\\/impressum\\\/\",\"url\":\"https:\\\/\\\/www.adlerelectric.com\\\/de\\\/impressum\\\/\",\"name\":\"Impressum - ADLER\",\"isPartOf\":{\"@id\":\"https:\\\/\\\/www.adlerelectric.com\\\/de\\\/#website\"},\"datePublished\":\"2025-02-09T19:23:55+00:00\",\"dateModified\":\"2025-02-09T19:25:22+00:00\",\"breadcrumb\":{\"@id\":\"https:\\\/\\\/www.adlerelectric.com\\\/de\\\/impressum\\\/#breadcrumb\"},\"inLanguage\":\"de\",\"potentialAction\":[{\"@type\":\"ReadAction\",\"target\":[\"https:\\\/\\\/www.adlerelectric.com\\\/de\\\/impressum\\\/\"]}]},{\"@type\":\"BreadcrumbList\",\"@id\":\"https:\\\/\\\/www.adlerelectric.com\\\/de\\\/impressum\\\/#breadcrumb\",\"itemListElement\":[{\"@type\":\"ListItem\",\"position\":1,\"name\":\"Home\",\"item\":\"https:\\\/\\\/www.adlerelectric.com\\\/de\\\/\"},{\"@type\":\"ListItem\",\"position\":2,\"name\":\"Impressum\"}]},{\"@type\":\"WebSite\",\"@id\":\"https:\\\/\\\/www.adlerelectric.com\\\/de\\\/#website\",\"url\":\"https:\\\/\\\/www.adlerelectric.com\\\/de\\\/\",\"name\":\"ADLER\",\"description\":\"Secure Connection to the Energy Transition\",\"potentialAction\":[{\"@type\":\"SearchAction\",\"target\":{\"@type\":\"EntryPoint\",\"urlTemplate\":\"https:\\\/\\\/www.adlerelectric.com\\\/de\\\/?s={search_term_string}\"},\"query-input\":{\"@type\":\"PropertyValueSpecification\",\"valueRequired\":true,\"valueName\":\"search_term_string\"}}],\"inLanguage\":\"de\"}]}<\/script>\n<!-- \/ Yoast SEO plugin. -->","yoast_head_json":{"title":"Impressum - ADLER","robots":{"index":"index","follow":"follow","max-snippet":"max-snippet:-1","max-image-preview":"max-image-preview:large","max-video-preview":"max-video-preview:-1"},"canonical":"https:\/\/www.adlerelectric.com\/de\/impressum\/","og_locale":"de_DE","og_type":"article","og_title":"Impressum - ADLER","og_description":"ADLER Elektrotechnik Leipzig GmbHHaynaer Weg 1604435 SchkeuditzDEUTSCHLAND Tel:+49 34207 \/ 97 36 36Fax:+49 34207 \/ 97 36 35Email:info@adlerelektro.deinfo@adlerelectric.comWeb:https:\/\/www.adlerelektro.dehttps:\/\/www.adlerelectric.com Vertretungsberechtigter Gesch\u00e4ftsf\u00fchrer:Thomas Winter Umsatzsteuer-ID gem\u00e4\u00df. \u00a7 27a UStG: DE305138572 HRB Nr.:32327 Registergericht:Amtsgericht Leipzig Verantwortlich f\u00fcr den Inhalt gem\u00e4\u00df \u00a7 55 Abs. 2 RStV:Thomas Winter Haftungshinweis:Trotz sorgf\u00e4ltiger inhaltlicher Kontrolle \u00fcbernehmen wir keine Haftung f\u00fcr die Inhalte externer Links. [&hellip;]","og_url":"https:\/\/www.adlerelectric.com\/de\/impressum\/","og_site_name":"ADLER","article_modified_time":"2025-02-09T19:25:22+00:00","twitter_card":"summary_large_image","twitter_misc":{"Gesch\u00e4tzte Lesezeit":"1\u00a0Minute"},"schema":{"@context":"https:\/\/schema.org","@graph":[{"@type":"WebPage","@id":"https:\/\/www.adlerelectric.com\/de\/impressum\/","url":"https:\/\/www.adlerelectric.com\/de\/impressum\/","name":"Impressum - ADLER","isPartOf":{"@id":"https:\/\/www.adlerelectric.com\/de\/#website"},"datePublished":"2025-02-09T19:23:55+00:00","dateModified":"2025-02-09T19:25:22+00:00","breadcrumb":{"@id":"https:\/\/www.adlerelectric.com\/de\/impressum\/#breadcrumb"},"inLanguage":"de","potentialAction":[{"@type":"ReadAction","target":["https:\/\/www.adlerelectric.com\/de\/impressum\/"]}]},{"@type":"BreadcrumbList","@id":"https:\/\/www.adlerelectric.com\/de\/impressum\/#breadcrumb","itemListElement":[{"@type":"ListItem","position":1,"name":"Home","item":"https:\/\/www.adlerelectric.com\/de\/"},{"@type":"ListItem","position":2,"name":"Impressum"}]},{"@type":"WebSite","@id":"https:\/\/www.adlerelectric.com\/de\/#website","url":"https:\/\/www.adlerelectric.com\/de\/","name":"ADLER","description":"Secure Connection to the Energy Transition","potentialAction":[{"@type":"SearchAction","target":{"@type":"EntryPoint","urlTemplate":"https:\/\/www.adlerelectric.com\/de\/?s={search_term_string}"},"query-input":{"@type":"PropertyValueSpecification","valueRequired":true,"valueName":"search_term_string"}}],"inLanguage":"de"}]}},"_links":{"self":[{"href":"https:\/\/www.adlerelectric.com\/de\/wp-json\/wp\/v2\/pages\/28467","targetHints":{"allow":["GET"]}}],"collection":[{"href":"https:\/\/www.adlerelectric.com\/de\/wp-json\/wp\/v2\/pages"}],"about":[{"href":"https:\/\/www.adlerelectric.com\/de\/wp-json\/wp\/v2\/types\/page"}],"author":[{"embeddable":true,"href":"https:\/\/www.adlerelectric.com\/de\/wp-json\/wp\/v2\/users\/1"}],"replies":[{"embeddable":true,"href":"https:\/\/www.adlerelectric.com\/de\/wp-json\/wp\/v2\/comments?post=28467"}],"version-history":[{"count":2,"href":"https:\/\/www.adlerelectric.com\/de\/wp-json\/wp\/v2\/pages\/28467\/revisions"}],"predecessor-version":[{"id":28469,"href":"https:\/\/www.adlerelectric.com\/de\/wp-json\/wp\/v2\/pages\/28467\/revisions\/28469"}],"wp:attachment":[{"href":"https:\/\/www.adlerelectric.com\/de\/wp-json\/wp\/v2\/media?parent=28467"}],"curies":[{"name":"wp","href":"https:\/\/api.w.org\/{rel}","templated":true}]}}