{"id":28475,"date":"2025-02-09T20:28:19","date_gmt":"2025-02-09T19:28:19","guid":{"rendered":"https:\/\/wordpress.prod.adler.projects.sma-dev.de\/?page_id=28475"},"modified":"2025-02-17T15:05:08","modified_gmt":"2025-02-17T14:05:08","slug":"pu-anwendungen","status":"publish","type":"page","link":"https:\/\/www.adlerelectric.com\/de\/pu-anwendungen\/","title":{"rendered":"PU Anwendungen"},"content":{"rendered":"\n<div class=\"wp-block-cover alignfull block__page-header\"><span aria-hidden=\"true\" class=\"wp-block-cover__background has-background-dim\"><\/span><img decoding=\"async\" class=\"wp-block-cover__image-background wp-image-154 lazyload\" alt=\"\" data-src=\"https:\/\/www.adlerelectric.com\/uploads\/2024\/07\/PU_menu-1.jpg\" data-object-fit=\"cover\" src=\"data:image\/svg+xml;base64,PHN2ZyB3aWR0aD0iMSIgaGVpZ2h0PSIxIiB4bWxucz0iaHR0cDovL3d3dy53My5vcmcvMjAwMC9zdmciPjwvc3ZnPg==\" style=\"--smush-placeholder-width: 722px; --smush-placeholder-aspect-ratio: 722\/400;\" \/><div class=\"wp-block-cover__inner-container is-layout-constrained wp-block-cover-is-layout-constrained\">\n<div class=\"wp-block-group content__row\"><div class=\"wp-block-group__inner-container is-layout-constrained wp-block-group-is-layout-constrained\">\n<div class=\"wp-block-group\"><div class=\"wp-block-group__inner-container is-layout-constrained wp-block-group-is-layout-constrained\">\n<h2 class=\"wp-block-heading alignwide\">Unsere L\u00f6sungen f\u00fcr die Industrie<\/h2>\n\n\n\n<h1 class=\"wp-block-heading has-text-align-left\"><strong>Sicher durch die Energiewende. <\/strong><\/h1>\n\n\n\n<p>Leistungsf\u00e4hige Sicherungen f\u00fcr Energiegewinnung und -speicherung<\/p>\n<\/div><\/div>\n<\/div><\/div>\n<\/div><\/div>\n\n\n\n<div class=\"wp-block-columns alignfull image__content-block is-layout-flex wp-container-core-columns-is-layout-9d6595d7 wp-block-columns-is-layout-flex\">\n<div class=\"wp-block-column content is-layout-flow wp-block-column-is-layout-flow\">\n<div class=\"wp-block-cover is-light\"><span aria-hidden=\"true\" class=\"wp-block-cover__background has-gray-background-color has-background-dim-100 has-background-dim\"><\/span><div class=\"wp-block-cover__inner-container is-layout-constrained wp-block-cover-is-layout-constrained\">\n<h2 class=\"wp-block-heading has-darkblue-color has-text-color has-link-color wp-elements-d9c4bd03f4b7d8a5c56cd497c395387b\">Zuverl\u00e4ssig und langlebig.<\/h2>\n\n\n\n<p style=\"font-size:20px\">Die zuverl\u00e4ssige Bereitstellung von Energie ist entscheidend f\u00fcr das Gelingen der Energiewende. Um diese Zuverl\u00e4ssigkeit zu gew\u00e4hrleisten sind hochwertige und langlebige Sicherungen von entscheidender Bedeutung. PU-Sicherungen von ADLER ELECTRIC sch\u00fctzen nicht nur\u00a0\u00a0Anlagen zur Energieerzeugung. Auch f\u00fcr Energiespeichersysteme (ESS) sind unsere Sicherungen die erste Wahl, um den volatilen Auslastungen von regenerativer Energiegewinnung zu begegnen. Dank ihres innovativen Designs und der hochwertigen Verarbeitung bieten ADLER ELECTRIC Sicherungen h\u00f6chsten Schutz auch bei hoher Systemauslastung. Vertrauen Sie mit Produkten von ADLER ELECTRIC auf modernste Technologien, die f\u00fcr maximale Sicherheit und Langlebigkeit entwickelt wurden und sicherungsbedingte Downzeiten Ihrer Anlagen minimieren.<\/p>\n<\/div><\/div>\n<\/div>\n\n\n\n<div class=\"wp-block-column image is-layout-flow wp-block-column-is-layout-flow\">\n<div class=\"wp-block-cover alignfull is-light\"><span aria-hidden=\"true\" class=\"wp-block-cover__background has-background-dim-0 has-background-dim\" style=\"background-color:#8d705b\"><\/span><img decoding=\"async\" class=\"wp-block-cover__image-background wp-image-27122 lazyload\" alt=\"\" data-src=\"https:\/\/www.adlerelectric.com\/uploads\/2025\/01\/67597e387a4d2ed3e8667054_638486629528818615722cae_main-image201201.webp\" data-object-fit=\"cover\" src=\"data:image\/svg+xml;base64,PHN2ZyB3aWR0aD0iMSIgaGVpZ2h0PSIxIiB4bWxucz0iaHR0cDovL3d3dy53My5vcmcvMjAwMC9zdmciPjwvc3ZnPg==\" style=\"--smush-placeholder-width: 1920px; --smush-placeholder-aspect-ratio: 1920\/1281;\" \/><div class=\"wp-block-cover__inner-container is-layout-constrained wp-block-cover-is-layout-constrained\">\n<p class=\"has-text-align-center has-large-font-size\"><\/p>\n<\/div><\/div>\n<\/div>\n<\/div>\n\n\n\n<div class=\"wp-block-columns alignfull image__content-block is-layout-flex wp-container-core-columns-is-layout-9d6595d7 wp-block-columns-is-layout-flex\">\n<div class=\"wp-block-column image is-layout-flow wp-block-column-is-layout-flow\">\n<div class=\"wp-block-cover alignfull\"><span aria-hidden=\"true\" class=\"wp-block-cover__background has-background-dim-0 has-background-dim\" style=\"background-color:#8d705b\"><\/span><img decoding=\"async\" width=\"2560\" height=\"1435\" class=\"wp-block-cover__image-background wp-image-28659 lazyload\" alt=\"\" data-src=\"https:\/\/www.adlerelectric.com\/uploads\/2025\/02\/AdobeStock_959774502-scaled-1.jpeg\" data-object-fit=\"cover\" data-srcset=\"https:\/\/www.adlerelectric.com\/uploads\/2025\/02\/AdobeStock_959774502-scaled-1.jpeg 2560w, https:\/\/www.adlerelectric.com\/uploads\/2025\/02\/AdobeStock_959774502-scaled-1-300x168.jpeg 300w, https:\/\/www.adlerelectric.com\/uploads\/2025\/02\/AdobeStock_959774502-scaled-1-1024x574.jpeg 1024w, https:\/\/www.adlerelectric.com\/uploads\/2025\/02\/AdobeStock_959774502-scaled-1-768x431.jpeg 768w, https:\/\/www.adlerelectric.com\/uploads\/2025\/02\/AdobeStock_959774502-scaled-1-1536x861.jpeg 1536w, https:\/\/www.adlerelectric.com\/uploads\/2025\/02\/AdobeStock_959774502-scaled-1-2048x1148.jpeg 2048w, https:\/\/www.adlerelectric.com\/uploads\/2025\/02\/AdobeStock_959774502-scaled-1-600x336.jpeg 600w\" data-sizes=\"(max-width: 2560px) 100vw, 2560px\" src=\"data:image\/svg+xml;base64,PHN2ZyB3aWR0aD0iMSIgaGVpZ2h0PSIxIiB4bWxucz0iaHR0cDovL3d3dy53My5vcmcvMjAwMC9zdmciPjwvc3ZnPg==\" style=\"--smush-placeholder-width: 2560px; --smush-placeholder-aspect-ratio: 2560\/1435;\" \/><div class=\"wp-block-cover__inner-container is-layout-constrained wp-block-cover-is-layout-constrained\">\n<p class=\"has-text-align-center has-large-font-size\"><\/p>\n<\/div><\/div>\n<\/div>\n\n\n\n<div class=\"wp-block-column content is-layout-flow wp-block-column-is-layout-flow\">\n<div class=\"wp-block-cover is-light\"><span aria-hidden=\"true\" class=\"wp-block-cover__background has-gray-background-color has-background-dim-100 has-background-dim\"><\/span><div class=\"wp-block-cover__inner-container is-layout-constrained wp-block-cover-is-layout-constrained\">\n<h2 class=\"wp-block-heading has-darkblue-color has-text-color has-link-color wp-elements-d30a4425424eadd93a7abe0e8a5af37e\">Termingerecht und flexibel.<\/h2>\n\n\n\n<p style=\"font-size:20px\">Genie\u00dfen Sie mit Produkten von ADLER ELECTRIC die Sicherheit einer verl\u00e4sslichen Verf\u00fcgbarkeit. Dank einer hocheffizienten Logistikkette von der Bestellung \u00fcber die Produktion bis zur Auslieferung k\u00f6nnen Sie darauf verlassen, dass Ihre ben\u00f6tigten Produkte schnell und zuverl\u00e4ssig zum vereinbarten Termin bei Ihnen sind \u2013 und das mit Lieferzeiten, die weit unter dem branchen\u00fcblichen Durchschnitt liegen. Dar\u00fcber hinaus unterliegen Bestellungen bei uns keinen Mengenbeschr\u00e4nkungen. Wir liefern ab Menge 1 und je nach Ihren Bedarfen bis zur ben\u00f6tigten Gesamtmenge, die wir nach Ihren W\u00fcnschen gerne auch flexibel \u00fcber einen Lieferzeitraum staffeln.<\/p>\n<\/div><\/div>\n<\/div>\n<\/div>\n\n\n\n<div class=\"wp-block-columns alignfull image__content-block is-layout-flex wp-container-core-columns-is-layout-9d6595d7 wp-block-columns-is-layout-flex\">\n<div class=\"wp-block-column content is-layout-flow wp-block-column-is-layout-flow\">\n<div class=\"wp-block-cover is-light\"><span aria-hidden=\"true\" class=\"wp-block-cover__background has-white-background-color has-background-dim-100 has-background-dim\"><\/span><div class=\"wp-block-cover__inner-container is-layout-constrained wp-block-cover-is-layout-constrained\">\n<div style=\"height:0px\" aria-hidden=\"true\" class=\"wp-block-spacer\"><\/div>\n\n\n\n<figure class=\"wp-block-image size-large\"><img decoding=\"async\" width=\"1024\" height=\"394\" data-src=\"https:\/\/www.adlerelectric.com\/uploads\/2024\/12\/enertronic-1024x394.png\" alt=\"\" class=\"wp-image-13113 lazyload\" data-srcset=\"https:\/\/www.adlerelectric.com\/uploads\/2024\/12\/enertronic-1024x394.png 1024w, https:\/\/www.adlerelectric.com\/uploads\/2024\/12\/enertronic-600x231.png 600w, https:\/\/www.adlerelectric.com\/uploads\/2024\/12\/enertronic-300x116.png 300w, https:\/\/www.adlerelectric.com\/uploads\/2024\/12\/enertronic-768x296.png 768w, https:\/\/www.adlerelectric.com\/uploads\/2024\/12\/enertronic.png 1158w\" data-sizes=\"(max-width: 1024px) 100vw, 1024px\" src=\"data:image\/svg+xml;base64,PHN2ZyB3aWR0aD0iMSIgaGVpZ2h0PSIxIiB4bWxucz0iaHR0cDovL3d3dy53My5vcmcvMjAwMC9zdmciPjwvc3ZnPg==\" style=\"--smush-placeholder-width: 1024px; --smush-placeholder-aspect-ratio: 1024\/394;\" \/><\/figure>\n\n\n\n<div class=\"wp-block-group alignfull is-content-justification-center\" style=\"margin-top:0;margin-bottom:0;padding-top:calc( 0.5 * var(--wp--style--root--padding-right, var(--wp--custom--gap--horizontal)));padding-right:var(--wp--style--root--padding-right, var(--wp--custom--gap--horizontal));padding-bottom:calc( 0.5 * var(--wp--style--root--padding-right, var(--wp--custom--gap--horizontal)));padding-left:var(--wp--style--root--padding-left, var(--wp--custom--gap--horizontal))\"><div class=\"wp-block-group__inner-container is-layout-constrained wp-container-core-group-is-layout-b073b61b wp-block-group-is-layout-constrained\">\n<div class=\"wp-block-columns alignwide is-layout-flex wp-container-core-columns-is-layout-bde74fcd wp-block-columns-is-layout-flex\">\n<div class=\"wp-block-column is-vertically-aligned-stretch is-content-justification-left is-layout-constrained wp-container-core-column-is-layout-8c890d92 wp-block-column-is-layout-constrained\" style=\"flex-basis:1000px\">\n<p style=\"font-size:20px\">\u201eDie Zusammenarbeit mit ADLER war ein Meilenstein f\u00fcr unsere Innovations- und Wettbewerbsf\u00e4higkeit im Bereich der Erneuerbaren. Dank der Zuverl\u00e4ssigkeit und der hohen Qualit\u00e4t der Produkte von ADLER konnten wir uns erfolgreich die Entwicklung von Wechselrichtern, Energiespeichersystemen und EV-Ladeger\u00e4ten vorantreiben. Die Synergie mit ADLER hat wesentlich dazu beigetragen, dass unsere L\u00f6sungen den h\u00f6chsten technischen und sicherheitstechnischen Standards entsprechen. Wir sind stolz darauf, dass unsere Partnerschaft mit ADLER eine entscheidende Triebfeder f\u00fcr unseren Einstieg und unser Wachstum in den dynamischen Sektor der neuen Energien war. Wir sind zuversichtlich, dass wir gemeinsam weiterhin einen bedeutenden Beitrag zum \u00dcbergang in eine nachhaltige Zukunft leisten werden.\u201c<\/p>\n\n\n\n<p style=\"font-size:20px\">\u2013 Jes\u00fas del Pozuelo Serrano, Technischer Leiter enertronic \u2013<\/p>\n<\/div>\n<\/div>\n\n\n\n<div style=\"height:calc( 0.25 * var(--wp--style--root--padding-right, var(--wp--custom--gap--horizontal)))\" aria-hidden=\"true\" class=\"wp-block-spacer\"><\/div>\n<\/div><\/div>\n<\/div><\/div>\n<\/div>\n\n\n\n<div class=\"wp-block-column image is-layout-flow wp-block-column-is-layout-flow\">\n<div class=\"wp-block-cover alignfull is-light\"><span aria-hidden=\"true\" class=\"wp-block-cover__background has-background-dim-0 has-background-dim\"><\/span><img decoding=\"async\" class=\"wp-block-cover__image-background wp-image-23485 lazyload\" alt=\"\" data-src=\"https:\/\/www.adlerelectric.com\/uploads\/2025\/01\/solar-8499878_1920.jpg\" data-object-fit=\"cover\" src=\"data:image\/svg+xml;base64,PHN2ZyB3aWR0aD0iMSIgaGVpZ2h0PSIxIiB4bWxucz0iaHR0cDovL3d3dy53My5vcmcvMjAwMC9zdmciPjwvc3ZnPg==\" style=\"--smush-placeholder-width: 2048px; --smush-placeholder-aspect-ratio: 2048\/1366;\" \/><div class=\"wp-block-cover__inner-container is-layout-constrained wp-block-cover-is-layout-constrained\">\n<p class=\"has-text-align-center has-large-font-size\"><\/p>\n<\/div><\/div>\n<\/div>\n<\/div>\n\n\n\n<div style=\"height:50px\" aria-hidden=\"true\" class=\"wp-block-spacer\"><\/div>\n\n\n\n<div class=\"wp-block-buttons is-content-justification-center is-layout-flex wp-container-core-buttons-is-layout-e1485a7b wp-block-buttons-is-layout-flex\">\n<div class=\"wp-block-button\"><a class=\"wp-block-button__link wp-element-button\" href=\"https:\/\/www.adlerelectric.com\/de\/produkt-kategorie\/pu_de_de\/\">Zu unseren Produkten<\/a><\/div>\n<\/div>\n\n\n\n<div style=\"height:50px\" aria-hidden=\"true\" class=\"wp-block-spacer\"><\/div>\n","protected":false},"excerpt":{"rendered":"","protected":false},"author":1,"featured_media":27146,"parent":0,"menu_order":0,"comment_status":"closed","ping_status":"closed","template":"page-overview.php","meta":{"footnotes":""},"class_list":["post-28475","page","type-page","status-publish","has-post-thumbnail","hentry"],"yoast_head":"<!-- This site is optimized with the Yoast SEO plugin v26.8 - https:\/\/yoast.com\/product\/yoast-seo-wordpress\/ -->\n<title>PU Anwendungen - ADLER<\/title>\n<meta name=\"description\" content=\"Leistungsf\u00e4hige Sicherungen f\u00fcr Energiegewinnung und -speicherung. H\u00f6chster Schutz auch bei starker Systemauslastung.\" \/>\n<meta name=\"robots\" content=\"index, follow, max-snippet:-1, max-image-preview:large, max-video-preview:-1\" \/>\n<link rel=\"canonical\" href=\"https:\/\/www.adlerelectric.com\/de\/pu-anwendungen\/\" \/>\n<meta property=\"og:locale\" content=\"de_DE\" \/>\n<meta property=\"og:type\" content=\"article\" \/>\n<meta property=\"og:title\" content=\"PU Anwendungen - ADLER\" \/>\n<meta property=\"og:description\" content=\"Leistungsf\u00e4hige Sicherungen f\u00fcr Energiegewinnung und -speicherung. H\u00f6chster Schutz auch bei starker Systemauslastung.\" \/>\n<meta property=\"og:url\" content=\"https:\/\/www.adlerelectric.com\/de\/pu-anwendungen\/\" \/>\n<meta property=\"og:site_name\" content=\"ADLER\" \/>\n<meta property=\"article:modified_time\" content=\"2025-02-17T14:05:08+00:00\" \/>\n<meta property=\"og:image\" content=\"https:\/\/www.adlerelectric.com\/uploads\/2024\/07\/PU_menu-1.jpg\" \/>\n\t<meta property=\"og:image:width\" content=\"722\" \/>\n\t<meta property=\"og:image:height\" content=\"400\" \/>\n\t<meta property=\"og:image:type\" content=\"image\/jpeg\" \/>\n<meta name=\"twitter:card\" content=\"summary_large_image\" \/>\n<meta name=\"twitter:label1\" content=\"Gesch\u00e4tzte Lesezeit\" \/>\n\t<meta name=\"twitter:data1\" content=\"3\u00a0Minuten\" \/>\n<script type=\"application\/ld+json\" class=\"yoast-schema-graph\">{\"@context\":\"https:\/\/schema.org\",\"@graph\":[{\"@type\":\"WebPage\",\"@id\":\"https:\/\/www.adlerelectric.com\/de\/pu-anwendungen\/\",\"url\":\"https:\/\/www.adlerelectric.com\/de\/pu-anwendungen\/\",\"name\":\"PU Anwendungen - ADLER\",\"isPartOf\":{\"@id\":\"https:\/\/www.adlerelectric.com\/de\/#website\"},\"primaryImageOfPage\":{\"@id\":\"https:\/\/www.adlerelectric.com\/de\/pu-anwendungen\/#primaryimage\"},\"image\":{\"@id\":\"https:\/\/www.adlerelectric.com\/de\/pu-anwendungen\/#primaryimage\"},\"thumbnailUrl\":\"https:\/\/www.adlerelectric.com\/uploads\/2024\/07\/PU_menu-1.jpg\",\"datePublished\":\"2025-02-09T19:28:19+00:00\",\"dateModified\":\"2025-02-17T14:05:08+00:00\",\"description\":\"Leistungsf\u00e4hige Sicherungen f\u00fcr Energiegewinnung und -speicherung. H\u00f6chster Schutz auch bei starker Systemauslastung.\",\"breadcrumb\":{\"@id\":\"https:\/\/www.adlerelectric.com\/de\/pu-anwendungen\/#breadcrumb\"},\"inLanguage\":\"de\",\"potentialAction\":[{\"@type\":\"ReadAction\",\"target\":[\"https:\/\/www.adlerelectric.com\/de\/pu-anwendungen\/\"]}]},{\"@type\":\"ImageObject\",\"inLanguage\":\"de\",\"@id\":\"https:\/\/www.adlerelectric.com\/de\/pu-anwendungen\/#primaryimage\",\"url\":\"https:\/\/www.adlerelectric.com\/uploads\/2024\/07\/PU_menu-1.jpg\",\"contentUrl\":\"https:\/\/www.adlerelectric.com\/uploads\/2024\/07\/PU_menu-1.jpg\",\"width\":722,\"height\":400},{\"@type\":\"BreadcrumbList\",\"@id\":\"https:\/\/www.adlerelectric.com\/de\/pu-anwendungen\/#breadcrumb\",\"itemListElement\":[{\"@type\":\"ListItem\",\"position\":1,\"name\":\"Home\",\"item\":\"https:\/\/www.adlerelectric.com\/de\/\"},{\"@type\":\"ListItem\",\"position\":2,\"name\":\"PU Anwendungen\"}]},{\"@type\":\"WebSite\",\"@id\":\"https:\/\/www.adlerelectric.com\/de\/#website\",\"url\":\"https:\/\/www.adlerelectric.com\/de\/\",\"name\":\"ADLER\",\"description\":\"Secure Connection to the Energy Transition\",\"potentialAction\":[{\"@type\":\"SearchAction\",\"target\":{\"@type\":\"EntryPoint\",\"urlTemplate\":\"https:\/\/www.adlerelectric.com\/de\/?s={search_term_string}\"},\"query-input\":{\"@type\":\"PropertyValueSpecification\",\"valueRequired\":true,\"valueName\":\"search_term_string\"}}],\"inLanguage\":\"de\"}]}<\/script>\n<!-- \/ Yoast SEO plugin. -->","yoast_head_json":{"title":"PU Anwendungen - ADLER","description":"Leistungsf\u00e4hige Sicherungen f\u00fcr Energiegewinnung und -speicherung. H\u00f6chster Schutz auch bei starker Systemauslastung.","robots":{"index":"index","follow":"follow","max-snippet":"max-snippet:-1","max-image-preview":"max-image-preview:large","max-video-preview":"max-video-preview:-1"},"canonical":"https:\/\/www.adlerelectric.com\/de\/pu-anwendungen\/","og_locale":"de_DE","og_type":"article","og_title":"PU Anwendungen - ADLER","og_description":"Leistungsf\u00e4hige Sicherungen f\u00fcr Energiegewinnung und -speicherung. H\u00f6chster Schutz auch bei starker Systemauslastung.","og_url":"https:\/\/www.adlerelectric.com\/de\/pu-anwendungen\/","og_site_name":"ADLER","article_modified_time":"2025-02-17T14:05:08+00:00","og_image":[{"width":722,"height":400,"url":"https:\/\/www.adlerelectric.com\/uploads\/2024\/07\/PU_menu-1.jpg","type":"image\/jpeg"}],"twitter_card":"summary_large_image","twitter_misc":{"Gesch\u00e4tzte Lesezeit":"3\u00a0Minuten"},"schema":{"@context":"https:\/\/schema.org","@graph":[{"@type":"WebPage","@id":"https:\/\/www.adlerelectric.com\/de\/pu-anwendungen\/","url":"https:\/\/www.adlerelectric.com\/de\/pu-anwendungen\/","name":"PU Anwendungen - ADLER","isPartOf":{"@id":"https:\/\/www.adlerelectric.com\/de\/#website"},"primaryImageOfPage":{"@id":"https:\/\/www.adlerelectric.com\/de\/pu-anwendungen\/#primaryimage"},"image":{"@id":"https:\/\/www.adlerelectric.com\/de\/pu-anwendungen\/#primaryimage"},"thumbnailUrl":"https:\/\/www.adlerelectric.com\/uploads\/2024\/07\/PU_menu-1.jpg","datePublished":"2025-02-09T19:28:19+00:00","dateModified":"2025-02-17T14:05:08+00:00","description":"Leistungsf\u00e4hige Sicherungen f\u00fcr Energiegewinnung und -speicherung. H\u00f6chster Schutz auch bei starker Systemauslastung.","breadcrumb":{"@id":"https:\/\/www.adlerelectric.com\/de\/pu-anwendungen\/#breadcrumb"},"inLanguage":"de","potentialAction":[{"@type":"ReadAction","target":["https:\/\/www.adlerelectric.com\/de\/pu-anwendungen\/"]}]},{"@type":"ImageObject","inLanguage":"de","@id":"https:\/\/www.adlerelectric.com\/de\/pu-anwendungen\/#primaryimage","url":"https:\/\/www.adlerelectric.com\/uploads\/2024\/07\/PU_menu-1.jpg","contentUrl":"https:\/\/www.adlerelectric.com\/uploads\/2024\/07\/PU_menu-1.jpg","width":722,"height":400},{"@type":"BreadcrumbList","@id":"https:\/\/www.adlerelectric.com\/de\/pu-anwendungen\/#breadcrumb","itemListElement":[{"@type":"ListItem","position":1,"name":"Home","item":"https:\/\/www.adlerelectric.com\/de\/"},{"@type":"ListItem","position":2,"name":"PU Anwendungen"}]},{"@type":"WebSite","@id":"https:\/\/www.adlerelectric.com\/de\/#website","url":"https:\/\/www.adlerelectric.com\/de\/","name":"ADLER","description":"Secure Connection to the Energy Transition","potentialAction":[{"@type":"SearchAction","target":{"@type":"EntryPoint","urlTemplate":"https:\/\/www.adlerelectric.com\/de\/?s={search_term_string}"},"query-input":{"@type":"PropertyValueSpecification","valueRequired":true,"valueName":"search_term_string"}}],"inLanguage":"de"}]}},"_links":{"self":[{"href":"https:\/\/www.adlerelectric.com\/de\/wp-json\/wp\/v2\/pages\/28475","targetHints":{"allow":["GET"]}}],"collection":[{"href":"https:\/\/www.adlerelectric.com\/de\/wp-json\/wp\/v2\/pages"}],"about":[{"href":"https:\/\/www.adlerelectric.com\/de\/wp-json\/wp\/v2\/types\/page"}],"author":[{"embeddable":true,"href":"https:\/\/www.adlerelectric.com\/de\/wp-json\/wp\/v2\/users\/1"}],"replies":[{"embeddable":true,"href":"https:\/\/www.adlerelectric.com\/de\/wp-json\/wp\/v2\/comments?post=28475"}],"version-history":[{"count":7,"href":"https:\/\/www.adlerelectric.com\/de\/wp-json\/wp\/v2\/pages\/28475\/revisions"}],"predecessor-version":[{"id":30766,"href":"https:\/\/www.adlerelectric.com\/de\/wp-json\/wp\/v2\/pages\/28475\/revisions\/30766"}],"wp:featuredmedia":[{"embeddable":true,"href":"https:\/\/www.adlerelectric.com\/de\/wp-json\/wp\/v2\/media\/27146"}],"wp:attachment":[{"href":"https:\/\/www.adlerelectric.com\/de\/wp-json\/wp\/v2\/media?parent=28475"}],"curies":[{"name":"wp","href":"https:\/\/api.w.org\/{rel}","templated":true}]}}