{"id":28479,"date":"2025-02-09T20:31:46","date_gmt":"2025-02-09T19:31:46","guid":{"rendered":"https:\/\/wordpress.prod.adler.projects.sma-dev.de\/?page_id=28479"},"modified":"2025-02-17T14:21:35","modified_gmt":"2025-02-17T13:21:35","slug":"pv-anwendungen","status":"publish","type":"page","link":"https:\/\/www.adlerelectric.com\/de\/pv-anwendungen\/","title":{"rendered":"PV Anwendungen"},"content":{"rendered":"\n<div class=\"wp-block-cover alignfull block__page-header\"><span aria-hidden=\"true\" class=\"wp-block-cover__background has-background-dim\"><\/span><img decoding=\"async\" width=\"722\" height=\"400\" class=\"wp-block-cover__image-background wp-image-153 lazyload\" alt=\"\" data-src=\"https:\/\/www.adlerelectric.com\/uploads\/2024\/07\/PV_menu-1.jpg\" data-object-fit=\"cover\" data-srcset=\"https:\/\/www.adlerelectric.com\/uploads\/2024\/07\/PV_menu-1.jpg 722w, https:\/\/www.adlerelectric.com\/uploads\/2024\/07\/PV_menu-1-600x332.jpg 600w, https:\/\/www.adlerelectric.com\/uploads\/2024\/07\/PV_menu-1-300x166.jpg 300w\" data-sizes=\"(max-width: 722px) 100vw, 722px\" src=\"data:image\/svg+xml;base64,PHN2ZyB3aWR0aD0iMSIgaGVpZ2h0PSIxIiB4bWxucz0iaHR0cDovL3d3dy53My5vcmcvMjAwMC9zdmciPjwvc3ZnPg==\" style=\"--smush-placeholder-width: 722px; --smush-placeholder-aspect-ratio: 722\/400;\" \/><div class=\"wp-block-cover__inner-container is-layout-constrained wp-block-cover-is-layout-constrained\">\n<div class=\"wp-block-group content__row\"><div class=\"wp-block-group__inner-container is-layout-constrained wp-block-group-is-layout-constrained\">\n<div class=\"wp-block-group\"><div class=\"wp-block-group__inner-container is-layout-constrained wp-block-group-is-layout-constrained\">\n<h2 class=\"wp-block-heading alignwide\">Unsere L\u00f6sungen f\u00fcr Photovoltaik<\/h2>\n\n\n\n<h1 class=\"wp-block-heading has-text-align-left\">Solarenergie sicher nutzen.<\/h1>\n\n\n\n<p>Hochwertige Sicherungen f\u00fcr Photovoltaikanlagen<\/p>\n<\/div><\/div>\n<\/div><\/div>\n<\/div><\/div>\n\n\n\n<div class=\"wp-block-columns alignfull image__content-block is-layout-flex wp-container-core-columns-is-layout-9d6595d7 wp-block-columns-is-layout-flex\">\n<div class=\"wp-block-column content is-layout-flow wp-block-column-is-layout-flow\">\n<div class=\"wp-block-cover is-light\"><span aria-hidden=\"true\" class=\"wp-block-cover__background has-gray-background-color has-background-dim-100 has-background-dim\"><\/span><div class=\"wp-block-cover__inner-container is-layout-constrained wp-block-cover-is-layout-constrained\">\n<h2 class=\"wp-block-heading has-darkblue-color has-text-color has-link-color wp-elements-2e6bd53a4509735515049643daeee4df\">Hochwertig und effizient.<\/h2>\n\n\n\n<p style=\"font-size:19px\">Wir befinden uns mitten in der Umstellung auf eine umweltfreundliche und nachhaltige Energiegewinnung. Die Photovoltaik stellt in dieser Energiewende eine der wichtigsten nachhaltigen Alternativen dar. Um die Langlebigkeit und eine konstant hohe Leistung von Solaranlagen zu gew\u00e4hrleisten, ist die zuverl\u00e4ssige Absicherung von Photovoltaikanlagen entscheidend. Hochwertige PV-Sicherungen von ADLER ELECTRIC bieten Ihren Anlagen optimalen Schutz vor \u00dcberlastungen und Kurzschl\u00fcssen \u2013 sowohl bei kommerziellen als auch bei industriellen Anwendungen. Deshalb vertrauen Sie mit Produkten von ADLER ELECTRIC auf modernste Technologien, die f\u00fcr maximale Sicherheit und Langlebigkeit entwickelt wurden. Dar\u00fcber hinaus verl\u00e4ngern sie die Lebensdauer Ihrer Photovoltaik-Anlagen.<\/p>\n<\/div><\/div>\n<\/div>\n\n\n\n<div class=\"wp-block-column image is-layout-flow wp-block-column-is-layout-flow\">\n<div class=\"wp-block-cover alignfull is-light\"><span aria-hidden=\"true\" class=\"wp-block-cover__background has-background-dim-0 has-background-dim\" style=\"background-color:#8d705b\"><\/span><img decoding=\"async\" width=\"2560\" height=\"1707\" class=\"wp-block-cover__image-background wp-image-28657 lazyload\" alt=\"\" data-src=\"https:\/\/www.adlerelectric.com\/uploads\/2025\/02\/AdobeStock_491170369-scaled-1.jpeg\" data-object-fit=\"cover\" data-srcset=\"https:\/\/www.adlerelectric.com\/uploads\/2025\/02\/AdobeStock_491170369-scaled-1.jpeg 2560w, https:\/\/www.adlerelectric.com\/uploads\/2025\/02\/AdobeStock_491170369-scaled-1-300x200.jpeg 300w, https:\/\/www.adlerelectric.com\/uploads\/2025\/02\/AdobeStock_491170369-scaled-1-1024x683.jpeg 1024w, https:\/\/www.adlerelectric.com\/uploads\/2025\/02\/AdobeStock_491170369-scaled-1-768x512.jpeg 768w, https:\/\/www.adlerelectric.com\/uploads\/2025\/02\/AdobeStock_491170369-scaled-1-1536x1024.jpeg 1536w, https:\/\/www.adlerelectric.com\/uploads\/2025\/02\/AdobeStock_491170369-scaled-1-2048x1366.jpeg 2048w, https:\/\/www.adlerelectric.com\/uploads\/2025\/02\/AdobeStock_491170369-scaled-1-600x400.jpeg 600w\" data-sizes=\"(max-width: 2560px) 100vw, 2560px\" src=\"data:image\/svg+xml;base64,PHN2ZyB3aWR0aD0iMSIgaGVpZ2h0PSIxIiB4bWxucz0iaHR0cDovL3d3dy53My5vcmcvMjAwMC9zdmciPjwvc3ZnPg==\" style=\"--smush-placeholder-width: 2560px; --smush-placeholder-aspect-ratio: 2560\/1707;\" \/><div class=\"wp-block-cover__inner-container is-layout-constrained wp-block-cover-is-layout-constrained\">\n<p class=\"has-text-align-center has-large-font-size\"><\/p>\n<\/div><\/div>\n<\/div>\n<\/div>\n\n\n\n<div class=\"wp-block-columns alignfull image__content-block is-layout-flex wp-container-core-columns-is-layout-9d6595d7 wp-block-columns-is-layout-flex\">\n<div class=\"wp-block-column image is-layout-flow wp-block-column-is-layout-flow\">\n<div class=\"wp-block-cover alignfull\"><span aria-hidden=\"true\" class=\"wp-block-cover__background has-background-dim-0 has-background-dim\" style=\"background-color:#8d705b\"><\/span><img decoding=\"async\" width=\"2560\" height=\"1435\" class=\"wp-block-cover__image-background wp-image-28659 lazyload\" alt=\"\" data-src=\"https:\/\/www.adlerelectric.com\/uploads\/2025\/02\/AdobeStock_959774502-scaled-1.jpeg\" data-object-fit=\"cover\" data-srcset=\"https:\/\/www.adlerelectric.com\/uploads\/2025\/02\/AdobeStock_959774502-scaled-1.jpeg 2560w, https:\/\/www.adlerelectric.com\/uploads\/2025\/02\/AdobeStock_959774502-scaled-1-300x168.jpeg 300w, https:\/\/www.adlerelectric.com\/uploads\/2025\/02\/AdobeStock_959774502-scaled-1-1024x574.jpeg 1024w, https:\/\/www.adlerelectric.com\/uploads\/2025\/02\/AdobeStock_959774502-scaled-1-768x431.jpeg 768w, https:\/\/www.adlerelectric.com\/uploads\/2025\/02\/AdobeStock_959774502-scaled-1-1536x861.jpeg 1536w, https:\/\/www.adlerelectric.com\/uploads\/2025\/02\/AdobeStock_959774502-scaled-1-2048x1148.jpeg 2048w, https:\/\/www.adlerelectric.com\/uploads\/2025\/02\/AdobeStock_959774502-scaled-1-600x336.jpeg 600w\" data-sizes=\"(max-width: 2560px) 100vw, 2560px\" src=\"data:image\/svg+xml;base64,PHN2ZyB3aWR0aD0iMSIgaGVpZ2h0PSIxIiB4bWxucz0iaHR0cDovL3d3dy53My5vcmcvMjAwMC9zdmciPjwvc3ZnPg==\" style=\"--smush-placeholder-width: 2560px; --smush-placeholder-aspect-ratio: 2560\/1435;\" \/><div class=\"wp-block-cover__inner-container is-layout-constrained wp-block-cover-is-layout-constrained\">\n<p class=\"has-text-align-center has-large-font-size\"><\/p>\n<\/div><\/div>\n<\/div>\n\n\n\n<div class=\"wp-block-column content is-layout-flow wp-block-column-is-layout-flow\">\n<div class=\"wp-block-cover is-light\"><span aria-hidden=\"true\" class=\"wp-block-cover__background has-gray-background-color has-background-dim-100 has-background-dim\"><\/span><div class=\"wp-block-cover__inner-container is-layout-constrained wp-block-cover-is-layout-constrained\">\n<h2 class=\"wp-block-heading has-darkblue-color has-text-color has-link-color wp-elements-c572ac4df9259970835f44e49ae8d073\">Schnell und termingerecht.<\/h2>\n\n\n\n<p style=\"font-size:19px\">Genie\u00dfen Sie mit Produkten von ADLER ELECTRIC die Sicherheit einer verl\u00e4sslichen Planung Ihrer Projekte. Dank einer hocheffizienten Logistikkette von der Bestellung \u00fcber die Produktion bis zur Auslieferung k\u00f6nnen Sie darauf verlassen, dass Ihre ben\u00f6tigten Produkte schnell und zuverl\u00e4ssig zum vereinbarten Termin bei Ihnen sind \u2013 und das mit Lieferzeiten, die weit unter dem branchen\u00fcblichen Durchschnitt liegen. Dar\u00fcber hinaus unterliegen Bestellungen bei uns keinen Mengenbeschr\u00e4nkungen. Wir liefern ab Menge 1 und je nach Ihren Bedarfen bis zur ben\u00f6tigten Gesamtmenge, die wir nach Ihren W\u00fcnschen gerne auch flexibel \u00fcber einen Lieferzeitraum staffeln.<\/p>\n<\/div><\/div>\n<\/div>\n<\/div>\n\n\n\n<div class=\"wp-block-columns alignfull image__content-block is-layout-flex wp-container-core-columns-is-layout-9d6595d7 wp-block-columns-is-layout-flex\">\n<div class=\"wp-block-column content is-layout-flow wp-block-column-is-layout-flow\">\n<div class=\"wp-block-cover is-light\"><span aria-hidden=\"true\" class=\"wp-block-cover__background has-white-background-color has-background-dim-100 has-background-dim\"><\/span><div class=\"wp-block-cover__inner-container is-layout-constrained wp-block-cover-is-layout-constrained\">\n<figure class=\"wp-block-image size-large\"><img decoding=\"async\" width=\"1024\" height=\"184\" data-src=\"https:\/\/www.adlerelectric.com\/uploads\/2024\/12\/Jurchen_logo-1024x184.png\" alt=\"\" class=\"wp-image-14387 lazyload\" data-srcset=\"https:\/\/www.adlerelectric.com\/uploads\/2024\/12\/Jurchen_logo-1024x184.png 1024w, https:\/\/www.adlerelectric.com\/uploads\/2024\/12\/Jurchen_logo-600x108.png 600w, https:\/\/www.adlerelectric.com\/uploads\/2024\/12\/Jurchen_logo-300x54.png 300w, https:\/\/www.adlerelectric.com\/uploads\/2024\/12\/Jurchen_logo-768x138.png 768w, https:\/\/www.adlerelectric.com\/uploads\/2024\/12\/Jurchen_logo-1536x277.png 1536w, https:\/\/www.adlerelectric.com\/uploads\/2024\/12\/Jurchen_logo-2048x369.png 2048w\" data-sizes=\"(max-width: 1024px) 100vw, 1024px\" src=\"data:image\/svg+xml;base64,PHN2ZyB3aWR0aD0iMSIgaGVpZ2h0PSIxIiB4bWxucz0iaHR0cDovL3d3dy53My5vcmcvMjAwMC9zdmciPjwvc3ZnPg==\" style=\"--smush-placeholder-width: 1024px; --smush-placeholder-aspect-ratio: 1024\/184;\" \/><\/figure>\n\n\n\n<p style=\"font-size:20px\">\u201eDie langj\u00e4hrige Zusammenarbeit mit der ADLER Elektrotechnik Leipzig GmbH in Schkeuditz zeichnet sich durch Vertrauen, Professionalit\u00e4t und eine hervorragende Abstimmung aus. Besonders bei Projekten mit unseren JuCon-Kabel-Produkten konnten wir dank der zuverl\u00e4ssigen Lieferungen termingerechte und erfolgreiche Ergebnisse erzielen. Wir sch\u00e4tzen ADLER Elektrotechnik als verl\u00e4sslichen Partner f\u00fcr unsere Premium-Kabelprodukte und freuen uns auf weitere gemeinsame Erfolge.\u201c<\/p>\n\n\n\n<p style=\"font-style:normal;font-weight:400\">\u2013 Marcel Heilmann, Technischer Leiter DC-Kabel-Fertigung, Jurchen Technology GmbH \u2013<\/p>\n<\/div><\/div>\n<\/div>\n\n\n\n<div class=\"wp-block-column image is-layout-flow wp-block-column-is-layout-flow\">\n<div class=\"wp-block-cover alignfull has-custom-content-position is-position-top-left\"><span aria-hidden=\"true\" class=\"wp-block-cover__background has-background-dim-0 has-background-dim\"><\/span><img decoding=\"async\" width=\"1920\" height=\"1280\" class=\"wp-block-cover__image-background wp-image-803 lazyload\" alt=\"\" data-src=\"https:\/\/www.adlerelectric.com\/uploads\/2024\/11\/business-4107640_1920.jpg\" data-object-fit=\"cover\" data-srcset=\"https:\/\/www.adlerelectric.com\/uploads\/2024\/11\/business-4107640_1920.jpg 1920w, https:\/\/www.adlerelectric.com\/uploads\/2024\/11\/business-4107640_1920-600x400.jpg 600w, https:\/\/www.adlerelectric.com\/uploads\/2024\/11\/business-4107640_1920-300x200.jpg 300w, https:\/\/www.adlerelectric.com\/uploads\/2024\/11\/business-4107640_1920-1024x683.jpg 1024w, https:\/\/www.adlerelectric.com\/uploads\/2024\/11\/business-4107640_1920-768x512.jpg 768w, https:\/\/www.adlerelectric.com\/uploads\/2024\/11\/business-4107640_1920-1536x1024.jpg 1536w\" data-sizes=\"(max-width: 1920px) 100vw, 1920px\" src=\"data:image\/svg+xml;base64,PHN2ZyB3aWR0aD0iMSIgaGVpZ2h0PSIxIiB4bWxucz0iaHR0cDovL3d3dy53My5vcmcvMjAwMC9zdmciPjwvc3ZnPg==\" style=\"--smush-placeholder-width: 1920px; --smush-placeholder-aspect-ratio: 1920\/1280;\" \/><div class=\"wp-block-cover__inner-container is-layout-constrained wp-block-cover-is-layout-constrained\">\n<p class=\"has-text-align-center has-large-font-size\"><\/p>\n<\/div><\/div>\n<\/div>\n<\/div>\n\n\n\n<div style=\"height:50px\" aria-hidden=\"true\" class=\"wp-block-spacer\"><\/div>\n\n\n\n<div class=\"wp-block-buttons is-content-justification-center is-layout-flex wp-container-core-buttons-is-layout-16018d1d wp-block-buttons-is-layout-flex\">\n<div class=\"wp-block-button\"><a class=\"wp-block-button__link wp-element-button\" href=\"https:\/\/www.adlerelectric.com\/de\/produkt-kategorie\/pv_de_de\/\">Zu unseren Produkten<\/a><\/div>\n<\/div>\n\n\n\n<div style=\"height:50px\" aria-hidden=\"true\" class=\"wp-block-spacer\"><\/div>\n","protected":false},"excerpt":{"rendered":"","protected":false},"author":1,"featured_media":27150,"parent":0,"menu_order":0,"comment_status":"closed","ping_status":"closed","template":"page-overview.php","meta":{"footnotes":""},"class_list":["post-28479","page","type-page","status-publish","has-post-thumbnail","hentry"],"yoast_head":"<!-- This site is optimized with the Yoast SEO plugin v26.8 - https:\/\/yoast.com\/product\/yoast-seo-wordpress\/ -->\n<title>PV Anwendungen - ADLER<\/title>\n<meta name=\"description\" content=\"Hochwertige Sicherungen f\u00fcr Photovoltaik-Anlagen. Schutz vor \u00dcberlastungen und Kurzschl\u00fcssen bei kommerziellen und industriellen Anwendungen.\" \/>\n<meta name=\"robots\" content=\"index, follow, max-snippet:-1, max-image-preview:large, max-video-preview:-1\" \/>\n<link rel=\"canonical\" href=\"https:\/\/www.adlerelectric.com\/de\/pv-anwendungen\/\" \/>\n<meta property=\"og:locale\" content=\"de_DE\" \/>\n<meta property=\"og:type\" content=\"article\" \/>\n<meta property=\"og:title\" content=\"PV Anwendungen - ADLER\" \/>\n<meta property=\"og:description\" content=\"Hochwertige Sicherungen f\u00fcr Photovoltaik-Anlagen. Schutz vor \u00dcberlastungen und Kurzschl\u00fcssen bei kommerziellen und industriellen Anwendungen.\" \/>\n<meta property=\"og:url\" content=\"https:\/\/www.adlerelectric.com\/de\/pv-anwendungen\/\" \/>\n<meta property=\"og:site_name\" content=\"ADLER\" \/>\n<meta property=\"article:modified_time\" content=\"2025-02-17T13:21:35+00:00\" \/>\n<meta property=\"og:image\" content=\"https:\/\/www.adlerelectric.com\/uploads\/2024\/07\/PV_menu-1.jpg\" \/>\n\t<meta property=\"og:image:width\" content=\"722\" \/>\n\t<meta property=\"og:image:height\" content=\"400\" \/>\n\t<meta property=\"og:image:type\" content=\"image\/jpeg\" \/>\n<meta name=\"twitter:card\" content=\"summary_large_image\" \/>\n<meta name=\"twitter:label1\" content=\"Gesch\u00e4tzte Lesezeit\" \/>\n\t<meta name=\"twitter:data1\" content=\"3\u00a0Minuten\" \/>\n<script type=\"application\/ld+json\" class=\"yoast-schema-graph\">{\"@context\":\"https:\/\/schema.org\",\"@graph\":[{\"@type\":\"WebPage\",\"@id\":\"https:\/\/www.adlerelectric.com\/de\/pv-anwendungen\/\",\"url\":\"https:\/\/www.adlerelectric.com\/de\/pv-anwendungen\/\",\"name\":\"PV Anwendungen - ADLER\",\"isPartOf\":{\"@id\":\"https:\/\/www.adlerelectric.com\/de\/#website\"},\"primaryImageOfPage\":{\"@id\":\"https:\/\/www.adlerelectric.com\/de\/pv-anwendungen\/#primaryimage\"},\"image\":{\"@id\":\"https:\/\/www.adlerelectric.com\/de\/pv-anwendungen\/#primaryimage\"},\"thumbnailUrl\":\"https:\/\/www.adlerelectric.com\/uploads\/2024\/07\/PV_menu-1.jpg\",\"datePublished\":\"2025-02-09T19:31:46+00:00\",\"dateModified\":\"2025-02-17T13:21:35+00:00\",\"description\":\"Hochwertige Sicherungen f\u00fcr Photovoltaik-Anlagen. Schutz vor \u00dcberlastungen und Kurzschl\u00fcssen bei kommerziellen und industriellen Anwendungen.\",\"breadcrumb\":{\"@id\":\"https:\/\/www.adlerelectric.com\/de\/pv-anwendungen\/#breadcrumb\"},\"inLanguage\":\"de\",\"potentialAction\":[{\"@type\":\"ReadAction\",\"target\":[\"https:\/\/www.adlerelectric.com\/de\/pv-anwendungen\/\"]}]},{\"@type\":\"ImageObject\",\"inLanguage\":\"de\",\"@id\":\"https:\/\/www.adlerelectric.com\/de\/pv-anwendungen\/#primaryimage\",\"url\":\"https:\/\/www.adlerelectric.com\/uploads\/2024\/07\/PV_menu-1.jpg\",\"contentUrl\":\"https:\/\/www.adlerelectric.com\/uploads\/2024\/07\/PV_menu-1.jpg\",\"width\":722,\"height\":400},{\"@type\":\"BreadcrumbList\",\"@id\":\"https:\/\/www.adlerelectric.com\/de\/pv-anwendungen\/#breadcrumb\",\"itemListElement\":[{\"@type\":\"ListItem\",\"position\":1,\"name\":\"Home\",\"item\":\"https:\/\/www.adlerelectric.com\/de\/\"},{\"@type\":\"ListItem\",\"position\":2,\"name\":\"PV Anwendungen\"}]},{\"@type\":\"WebSite\",\"@id\":\"https:\/\/www.adlerelectric.com\/de\/#website\",\"url\":\"https:\/\/www.adlerelectric.com\/de\/\",\"name\":\"ADLER\",\"description\":\"Secure Connection to the Energy Transition\",\"potentialAction\":[{\"@type\":\"SearchAction\",\"target\":{\"@type\":\"EntryPoint\",\"urlTemplate\":\"https:\/\/www.adlerelectric.com\/de\/?s={search_term_string}\"},\"query-input\":{\"@type\":\"PropertyValueSpecification\",\"valueRequired\":true,\"valueName\":\"search_term_string\"}}],\"inLanguage\":\"de\"}]}<\/script>\n<!-- \/ Yoast SEO plugin. -->","yoast_head_json":{"title":"PV Anwendungen - ADLER","description":"Hochwertige Sicherungen f\u00fcr Photovoltaik-Anlagen. Schutz vor \u00dcberlastungen und Kurzschl\u00fcssen bei kommerziellen und industriellen Anwendungen.","robots":{"index":"index","follow":"follow","max-snippet":"max-snippet:-1","max-image-preview":"max-image-preview:large","max-video-preview":"max-video-preview:-1"},"canonical":"https:\/\/www.adlerelectric.com\/de\/pv-anwendungen\/","og_locale":"de_DE","og_type":"article","og_title":"PV Anwendungen - ADLER","og_description":"Hochwertige Sicherungen f\u00fcr Photovoltaik-Anlagen. Schutz vor \u00dcberlastungen und Kurzschl\u00fcssen bei kommerziellen und industriellen Anwendungen.","og_url":"https:\/\/www.adlerelectric.com\/de\/pv-anwendungen\/","og_site_name":"ADLER","article_modified_time":"2025-02-17T13:21:35+00:00","og_image":[{"width":722,"height":400,"url":"https:\/\/www.adlerelectric.com\/uploads\/2024\/07\/PV_menu-1.jpg","type":"image\/jpeg"}],"twitter_card":"summary_large_image","twitter_misc":{"Gesch\u00e4tzte Lesezeit":"3\u00a0Minuten"},"schema":{"@context":"https:\/\/schema.org","@graph":[{"@type":"WebPage","@id":"https:\/\/www.adlerelectric.com\/de\/pv-anwendungen\/","url":"https:\/\/www.adlerelectric.com\/de\/pv-anwendungen\/","name":"PV Anwendungen - ADLER","isPartOf":{"@id":"https:\/\/www.adlerelectric.com\/de\/#website"},"primaryImageOfPage":{"@id":"https:\/\/www.adlerelectric.com\/de\/pv-anwendungen\/#primaryimage"},"image":{"@id":"https:\/\/www.adlerelectric.com\/de\/pv-anwendungen\/#primaryimage"},"thumbnailUrl":"https:\/\/www.adlerelectric.com\/uploads\/2024\/07\/PV_menu-1.jpg","datePublished":"2025-02-09T19:31:46+00:00","dateModified":"2025-02-17T13:21:35+00:00","description":"Hochwertige Sicherungen f\u00fcr Photovoltaik-Anlagen. Schutz vor \u00dcberlastungen und Kurzschl\u00fcssen bei kommerziellen und industriellen Anwendungen.","breadcrumb":{"@id":"https:\/\/www.adlerelectric.com\/de\/pv-anwendungen\/#breadcrumb"},"inLanguage":"de","potentialAction":[{"@type":"ReadAction","target":["https:\/\/www.adlerelectric.com\/de\/pv-anwendungen\/"]}]},{"@type":"ImageObject","inLanguage":"de","@id":"https:\/\/www.adlerelectric.com\/de\/pv-anwendungen\/#primaryimage","url":"https:\/\/www.adlerelectric.com\/uploads\/2024\/07\/PV_menu-1.jpg","contentUrl":"https:\/\/www.adlerelectric.com\/uploads\/2024\/07\/PV_menu-1.jpg","width":722,"height":400},{"@type":"BreadcrumbList","@id":"https:\/\/www.adlerelectric.com\/de\/pv-anwendungen\/#breadcrumb","itemListElement":[{"@type":"ListItem","position":1,"name":"Home","item":"https:\/\/www.adlerelectric.com\/de\/"},{"@type":"ListItem","position":2,"name":"PV Anwendungen"}]},{"@type":"WebSite","@id":"https:\/\/www.adlerelectric.com\/de\/#website","url":"https:\/\/www.adlerelectric.com\/de\/","name":"ADLER","description":"Secure Connection to the Energy Transition","potentialAction":[{"@type":"SearchAction","target":{"@type":"EntryPoint","urlTemplate":"https:\/\/www.adlerelectric.com\/de\/?s={search_term_string}"},"query-input":{"@type":"PropertyValueSpecification","valueRequired":true,"valueName":"search_term_string"}}],"inLanguage":"de"}]}},"_links":{"self":[{"href":"https:\/\/www.adlerelectric.com\/de\/wp-json\/wp\/v2\/pages\/28479","targetHints":{"allow":["GET"]}}],"collection":[{"href":"https:\/\/www.adlerelectric.com\/de\/wp-json\/wp\/v2\/pages"}],"about":[{"href":"https:\/\/www.adlerelectric.com\/de\/wp-json\/wp\/v2\/types\/page"}],"author":[{"embeddable":true,"href":"https:\/\/www.adlerelectric.com\/de\/wp-json\/wp\/v2\/users\/1"}],"replies":[{"embeddable":true,"href":"https:\/\/www.adlerelectric.com\/de\/wp-json\/wp\/v2\/comments?post=28479"}],"version-history":[{"count":6,"href":"https:\/\/www.adlerelectric.com\/de\/wp-json\/wp\/v2\/pages\/28479\/revisions"}],"predecessor-version":[{"id":30776,"href":"https:\/\/www.adlerelectric.com\/de\/wp-json\/wp\/v2\/pages\/28479\/revisions\/30776"}],"wp:featuredmedia":[{"embeddable":true,"href":"https:\/\/www.adlerelectric.com\/de\/wp-json\/wp\/v2\/media\/27150"}],"wp:attachment":[{"href":"https:\/\/www.adlerelectric.com\/de\/wp-json\/wp\/v2\/media?parent=28479"}],"curies":[{"name":"wp","href":"https:\/\/api.w.org\/{rel}","templated":true}]}}