{"id":28488,"date":"2025-02-09T20:38:49","date_gmt":"2025-02-09T19:38:49","guid":{"rendered":"https:\/\/wordpress.prod.adler.projects.sma-dev.de\/?page_id=28488"},"modified":"2025-02-10T12:02:20","modified_gmt":"2025-02-10T11:02:20","slug":"karriere","status":"publish","type":"page","link":"https:\/\/www.adlerelectric.com\/de\/karriere\/","title":{"rendered":"Karriere"},"content":{"rendered":"\n<div class=\"wp-block-cover alignfull block__page-header\"><span aria-hidden=\"true\" class=\"wp-block-cover__background has-darkblue-background-color has-background-dim-30 has-background-dim\"><\/span><img decoding=\"async\" width=\"2560\" height=\"1107\" class=\"wp-block-cover__image-background wp-image-28633 lazyload\" alt=\"\" data-src=\"https:\/\/www.adlerelectric.com\/uploads\/2025\/02\/pexels-fauxels-3184424-scaled-1.jpg\" data-object-fit=\"cover\" data-srcset=\"https:\/\/www.adlerelectric.com\/uploads\/2025\/02\/pexels-fauxels-3184424-scaled-1.jpg 2560w, https:\/\/www.adlerelectric.com\/uploads\/2025\/02\/pexels-fauxels-3184424-scaled-1-300x130.jpg 300w, https:\/\/www.adlerelectric.com\/uploads\/2025\/02\/pexels-fauxels-3184424-scaled-1-1024x443.jpg 1024w, https:\/\/www.adlerelectric.com\/uploads\/2025\/02\/pexels-fauxels-3184424-scaled-1-768x332.jpg 768w, https:\/\/www.adlerelectric.com\/uploads\/2025\/02\/pexels-fauxels-3184424-scaled-1-1536x664.jpg 1536w, https:\/\/www.adlerelectric.com\/uploads\/2025\/02\/pexels-fauxels-3184424-scaled-1-2048x886.jpg 2048w, https:\/\/www.adlerelectric.com\/uploads\/2025\/02\/pexels-fauxels-3184424-scaled-1-600x259.jpg 600w\" data-sizes=\"(max-width: 2560px) 100vw, 2560px\" src=\"data:image\/svg+xml;base64,PHN2ZyB3aWR0aD0iMSIgaGVpZ2h0PSIxIiB4bWxucz0iaHR0cDovL3d3dy53My5vcmcvMjAwMC9zdmciPjwvc3ZnPg==\" style=\"--smush-placeholder-width: 2560px; --smush-placeholder-aspect-ratio: 2560\/1107;\" \/><div class=\"wp-block-cover__inner-container is-layout-constrained wp-block-cover-is-layout-constrained\">\n<div class=\"wp-block-group content__row\"><div class=\"wp-block-group__inner-container is-layout-constrained wp-block-group-is-layout-constrained\">\n<div class=\"wp-block-group\"><div class=\"wp-block-group__inner-container is-layout-constrained wp-block-group-is-layout-constrained\">\n<h2 class=\"wp-block-heading has-text-align-left has-large-font-size\"><strong>Karriere<\/strong><\/h2>\n\n\n\n<h2 class=\"wp-block-heading\"><strong>Gemeinsam wachsen \u2013 Ihre Karriere bei uns<\/strong><\/h2>\n\n\n\n<p>Wir laden Sie ein, Teil eines dynamischen und zukunftsorientierten Teams zu werden, das auf Innovation, Zusammenarbeit und individuelle Weiterentwicklung setzt. In unserem Unternehmen sind Sie nicht nur eine*r von vielen \u2013 Sie gestalten aktiv mit, \u00fcbernehmen Verantwortung und tragen dazu bei, unsere gemeinsamen Ziele zu erreichen.<\/p>\n\n\n\n<p>Wir schaffen ein Arbeitsumfeld, das Raum f\u00fcr Wachstum bietet. Durch regelm\u00e4\u00dfige Feedbackgespr\u00e4che und eine gezielte, individuelle F\u00f6rderung unterst\u00fctzen wir Sie dabei, Ihr volles Potenzial zu entfalten und Ihre beruflichen Ambitionen zu verwirklichen. Ihre Ideen und Ihr Engagement sind die Treiber unseres Erfolgs \u2013 und wir setzen alles daran, Ihnen die bestm\u00f6glichen Voraussetzungen f\u00fcr Ihre Weiterentwicklung zu bieten.<\/p>\n\n\n\n<p><\/p>\n\n\n\n<p>Bei uns erwartet Sie nicht nur ein Arbeitsplatz, sondern eine langfristige Perspektive in einem Unternehmen, das Ihre Entwicklung sch\u00e4tzt und f\u00f6rdert. Lassen Sie uns gemeinsam die Zukunft gestalten \u2013 Ihre und unsere.<\/p>\n<\/div><\/div>\n<\/div><\/div>\n<\/div><\/div>\n\n\n\n<article class=\"posttype__grid alignwide\">\n    <div id=\"grid__69d61eb4bdc5a\" data-posttype=\"career\" data-ppp=\"10\">\n        <div class=\"grid__gallery post__grid\">\n\n        <\/div>\n    <\/div>\n\n    <div class=\"grid__pagination-wrapper\">\n        <div id=\"grid-pagination__69d61eb4bdc5a\" data-id=\"69d61eb4bdc5a\" class=\"grid__pagination\" style=\"display: none;\">\n            <div id=\"load-first-posts__69d61eb4bdc5a\" class=\"page__first-item\" data-id=\"69d61eb4bdc5a\" data-pagevalue=\"1\">\n                <svg class=\"keyboard_double_arrow_left\" xmlns=\"http:\/\/www.w3.org\/2000\/svg\" height=\"24px\" viewBox=\"0 -960 960 960\" width=\"24px\" fill=\"currentColor\">\n                    <path d=\"M440-240 200-480l240-240 56 56-183 184 183 184-56 56Zm264 0L464-480l240-240 56 56-183 184 183 184-56 56Z\" \/>\n                <\/svg>\n            <\/div>\n            <div id=\"load-prev-posts__69d61eb4bdc5a\" class=\"page__prev-item\" data-id=\"69d61eb4bdc5a\" data-pagevalue=\"-1\">\n                <svg class=\"keyboard_arrow_left\" xmlns=\"http:\/\/www.w3.org\/2000\/svg\" height=\"24px\" viewBox=\"0 -960 960 960\" width=\"24px\" fill=\"currentColor\">\n                    <path d=\"M560-240 320-480l240-240 56 56-184 184 184 184-56 56Z\" \/>\n                <\/svg>\n            <\/div>\n            <div class=\"page__wrapper\"><\/div>\n            <div id=\"load-next-posts__69d61eb4bdc5a\" class=\"page__next-item\" data-id=\"69d61eb4bdc5a\" data-pagevalue=\"+1\">\n                <svg class=\"keyboard_arrow_right\" xmlns=\"http:\/\/www.w3.org\/2000\/svg\" height=\"24px\" viewBox=\"0 -960 960 960\" width=\"24px\" fill=\"currentColor\">\n                    <path d=\"M504-480 320-664l56-56 240 240-240 240-56-56 184-184Z\" \/>\n                <\/svg>\n            <\/div>\n            <div id=\"load-last-posts__69d61eb4bdc5a\" class=\"page__last-item\" data-id=\"69d61eb4bdc5a\" data-pagevalue=\"1\">\n                <svg class=\"keyboard_double_arrow_right\" xmlns=\"http:\/\/www.w3.org\/2000\/svg\" height=\"24px\" viewBox=\"0 -960 960 960\" width=\"24px\" fill=\"currentColor\">\n                    <path d=\"M383-480 200-664l56-56 240 240-240 240-56-56 183-184Zm264 0L464-664l56-56 240 240-240 240-56-56 183-184Z\" \/>\n                <\/svg>\n            <\/div>\n        <\/div>\n    <\/div>\n<\/article>\n\n<script type=\"text\/javascript\">\n    \/\/ Wait for both DOM and scripts to be ready\n    (function() {\n        function initGrid() {\n            \/\/ Check if load_grid function is available (from ajax.js)\n            if (typeof load_grid === 'undefined') {\n                setTimeout(initGrid, 50);\n                return;\n            }\n            var gridId = '69d61eb4bdc5a';\n            var ppp = '10';\n            load_grid('career', gridId, ppp, 'de');\n        }\n        if (document.readyState === 'loading') {\n            document.addEventListener('DOMContentLoaded', initGrid);\n        } else {\n            initGrid();\n        }\n    })();\n<\/script>\n","protected":false},"excerpt":{"rendered":"","protected":false},"author":1,"featured_media":0,"parent":0,"menu_order":0,"comment_status":"closed","ping_status":"closed","template":"page-overview.php","meta":{"footnotes":""},"class_list":["post-28488","page","type-page","status-publish","hentry"],"yoast_head":"<!-- This site is optimized with the Yoast SEO plugin v26.8 - https:\/\/yoast.com\/product\/yoast-seo-wordpress\/ -->\n<title>Karriere - ADLER<\/title>\n<meta name=\"robots\" content=\"index, follow, max-snippet:-1, max-image-preview:large, max-video-preview:-1\" \/>\n<link rel=\"canonical\" href=\"https:\/\/www.adlerelectric.com\/de\/karriere\/\" \/>\n<meta property=\"og:locale\" content=\"de_DE\" \/>\n<meta property=\"og:type\" content=\"article\" \/>\n<meta property=\"og:title\" content=\"Karriere - ADLER\" \/>\n<meta property=\"og:url\" content=\"https:\/\/www.adlerelectric.com\/de\/karriere\/\" \/>\n<meta property=\"og:site_name\" content=\"ADLER\" \/>\n<meta property=\"article:modified_time\" content=\"2025-02-10T11:02:20+00:00\" \/>\n<meta property=\"og:image\" content=\"https:\/\/www.adlerelectric.com\/uploads\/2025\/02\/pexels-fauxels-3184424-scaled-1.jpg\" \/>\n<meta name=\"twitter:card\" content=\"summary_large_image\" \/>\n<meta name=\"twitter:label1\" content=\"Gesch\u00e4tzte Lesezeit\" \/>\n\t<meta name=\"twitter:data1\" content=\"1\u00a0Minute\" \/>\n<script type=\"application\/ld+json\" class=\"yoast-schema-graph\">{\"@context\":\"https:\/\/schema.org\",\"@graph\":[{\"@type\":\"WebPage\",\"@id\":\"https:\/\/www.adlerelectric.com\/de\/karriere\/\",\"url\":\"https:\/\/www.adlerelectric.com\/de\/karriere\/\",\"name\":\"Karriere - ADLER\",\"isPartOf\":{\"@id\":\"https:\/\/www.adlerelectric.com\/de\/#website\"},\"primaryImageOfPage\":{\"@id\":\"https:\/\/www.adlerelectric.com\/de\/karriere\/#primaryimage\"},\"image\":{\"@id\":\"https:\/\/www.adlerelectric.com\/de\/karriere\/#primaryimage\"},\"thumbnailUrl\":\"https:\/\/www.adlerelectric.com\/uploads\/2025\/02\/pexels-fauxels-3184424-scaled-1.jpg\",\"datePublished\":\"2025-02-09T19:38:49+00:00\",\"dateModified\":\"2025-02-10T11:02:20+00:00\",\"breadcrumb\":{\"@id\":\"https:\/\/www.adlerelectric.com\/de\/karriere\/#breadcrumb\"},\"inLanguage\":\"de\",\"potentialAction\":[{\"@type\":\"ReadAction\",\"target\":[\"https:\/\/www.adlerelectric.com\/de\/karriere\/\"]}]},{\"@type\":\"ImageObject\",\"inLanguage\":\"de\",\"@id\":\"https:\/\/www.adlerelectric.com\/de\/karriere\/#primaryimage\",\"url\":\"https:\/\/www.adlerelectric.com\/uploads\/2025\/02\/pexels-fauxels-3184424-scaled-1.jpg\",\"contentUrl\":\"https:\/\/www.adlerelectric.com\/uploads\/2025\/02\/pexels-fauxels-3184424-scaled-1.jpg\"},{\"@type\":\"BreadcrumbList\",\"@id\":\"https:\/\/www.adlerelectric.com\/de\/karriere\/#breadcrumb\",\"itemListElement\":[{\"@type\":\"ListItem\",\"position\":1,\"name\":\"Home\",\"item\":\"https:\/\/www.adlerelectric.com\/de\/\"},{\"@type\":\"ListItem\",\"position\":2,\"name\":\"Karriere\"}]},{\"@type\":\"WebSite\",\"@id\":\"https:\/\/www.adlerelectric.com\/de\/#website\",\"url\":\"https:\/\/www.adlerelectric.com\/de\/\",\"name\":\"ADLER\",\"description\":\"Secure Connection to the Energy Transition\",\"potentialAction\":[{\"@type\":\"SearchAction\",\"target\":{\"@type\":\"EntryPoint\",\"urlTemplate\":\"https:\/\/www.adlerelectric.com\/de\/?s={search_term_string}\"},\"query-input\":{\"@type\":\"PropertyValueSpecification\",\"valueRequired\":true,\"valueName\":\"search_term_string\"}}],\"inLanguage\":\"de\"}]}<\/script>\n<!-- \/ Yoast SEO plugin. -->","yoast_head_json":{"title":"Karriere - ADLER","robots":{"index":"index","follow":"follow","max-snippet":"max-snippet:-1","max-image-preview":"max-image-preview:large","max-video-preview":"max-video-preview:-1"},"canonical":"https:\/\/www.adlerelectric.com\/de\/karriere\/","og_locale":"de_DE","og_type":"article","og_title":"Karriere - ADLER","og_url":"https:\/\/www.adlerelectric.com\/de\/karriere\/","og_site_name":"ADLER","article_modified_time":"2025-02-10T11:02:20+00:00","og_image":[{"url":"https:\/\/www.adlerelectric.com\/uploads\/2025\/02\/pexels-fauxels-3184424-scaled-1.jpg","type":"","width":"","height":""}],"twitter_card":"summary_large_image","twitter_misc":{"Gesch\u00e4tzte Lesezeit":"1\u00a0Minute"},"schema":{"@context":"https:\/\/schema.org","@graph":[{"@type":"WebPage","@id":"https:\/\/www.adlerelectric.com\/de\/karriere\/","url":"https:\/\/www.adlerelectric.com\/de\/karriere\/","name":"Karriere - ADLER","isPartOf":{"@id":"https:\/\/www.adlerelectric.com\/de\/#website"},"primaryImageOfPage":{"@id":"https:\/\/www.adlerelectric.com\/de\/karriere\/#primaryimage"},"image":{"@id":"https:\/\/www.adlerelectric.com\/de\/karriere\/#primaryimage"},"thumbnailUrl":"https:\/\/www.adlerelectric.com\/uploads\/2025\/02\/pexels-fauxels-3184424-scaled-1.jpg","datePublished":"2025-02-09T19:38:49+00:00","dateModified":"2025-02-10T11:02:20+00:00","breadcrumb":{"@id":"https:\/\/www.adlerelectric.com\/de\/karriere\/#breadcrumb"},"inLanguage":"de","potentialAction":[{"@type":"ReadAction","target":["https:\/\/www.adlerelectric.com\/de\/karriere\/"]}]},{"@type":"ImageObject","inLanguage":"de","@id":"https:\/\/www.adlerelectric.com\/de\/karriere\/#primaryimage","url":"https:\/\/www.adlerelectric.com\/uploads\/2025\/02\/pexels-fauxels-3184424-scaled-1.jpg","contentUrl":"https:\/\/www.adlerelectric.com\/uploads\/2025\/02\/pexels-fauxels-3184424-scaled-1.jpg"},{"@type":"BreadcrumbList","@id":"https:\/\/www.adlerelectric.com\/de\/karriere\/#breadcrumb","itemListElement":[{"@type":"ListItem","position":1,"name":"Home","item":"https:\/\/www.adlerelectric.com\/de\/"},{"@type":"ListItem","position":2,"name":"Karriere"}]},{"@type":"WebSite","@id":"https:\/\/www.adlerelectric.com\/de\/#website","url":"https:\/\/www.adlerelectric.com\/de\/","name":"ADLER","description":"Secure Connection to the Energy Transition","potentialAction":[{"@type":"SearchAction","target":{"@type":"EntryPoint","urlTemplate":"https:\/\/www.adlerelectric.com\/de\/?s={search_term_string}"},"query-input":{"@type":"PropertyValueSpecification","valueRequired":true,"valueName":"search_term_string"}}],"inLanguage":"de"}]}},"_links":{"self":[{"href":"https:\/\/www.adlerelectric.com\/de\/wp-json\/wp\/v2\/pages\/28488","targetHints":{"allow":["GET"]}}],"collection":[{"href":"https:\/\/www.adlerelectric.com\/de\/wp-json\/wp\/v2\/pages"}],"about":[{"href":"https:\/\/www.adlerelectric.com\/de\/wp-json\/wp\/v2\/types\/page"}],"author":[{"embeddable":true,"href":"https:\/\/www.adlerelectric.com\/de\/wp-json\/wp\/v2\/users\/1"}],"replies":[{"embeddable":true,"href":"https:\/\/www.adlerelectric.com\/de\/wp-json\/wp\/v2\/comments?post=28488"}],"version-history":[{"count":4,"href":"https:\/\/www.adlerelectric.com\/de\/wp-json\/wp\/v2\/pages\/28488\/revisions"}],"predecessor-version":[{"id":28635,"href":"https:\/\/www.adlerelectric.com\/de\/wp-json\/wp\/v2\/pages\/28488\/revisions\/28635"}],"wp:attachment":[{"href":"https:\/\/www.adlerelectric.com\/de\/wp-json\/wp\/v2\/media?parent=28488"}],"curies":[{"name":"wp","href":"https:\/\/api.w.org\/{rel}","templated":true}]}}