{"id":30831,"date":"2025-03-28T15:17:02","date_gmt":"2025-03-28T14:17:02","guid":{"rendered":"https:\/\/www.adlerelectric.com\/?page_id=30831"},"modified":"2025-06-19T21:25:28","modified_gmt":"2025-06-19T19:25:28","slug":"confirmation-successful","status":"publish","type":"page","link":"https:\/\/www.adlerelectric.com\/de\/confirmation-successful\/","title":{"rendered":"Best\u00e4tigung erfolgreich"},"content":{"rendered":"\n<h1 class=\"wp-block-heading\">Vielen Dank f\u00fcr Ihre Best\u00e4tigung!<\/h1>\n\n\n\n<p>Ihre Anmeldung wurde erfolgreich best\u00e4tigt! Wir freuen uns, Sie in Zukunft \u00fcber wichtige Unternehmensnachrichten, relevante Branchentrends und Produktneuheiten auf dem Laufenden zu halten.<\/p>\n\n\n\n<figure class=\"wp-block-image size-large\"><img decoding=\"async\" width=\"1024\" height=\"574\" data-src=\"https:\/\/www.adlerelectric.com\/uploads\/2025\/06\/AdobeStock_1105036113-1024x574.jpeg\" alt=\"\" class=\"wp-image-31789 lazyload\" data-srcset=\"https:\/\/www.adlerelectric.com\/uploads\/2025\/06\/AdobeStock_1105036113-1024x574.jpeg 1024w, https:\/\/www.adlerelectric.com\/uploads\/2025\/06\/AdobeStock_1105036113-300x168.jpeg 300w, https:\/\/www.adlerelectric.com\/uploads\/2025\/06\/AdobeStock_1105036113-768x430.jpeg 768w, https:\/\/www.adlerelectric.com\/uploads\/2025\/06\/AdobeStock_1105036113-1536x861.jpeg 1536w, https:\/\/www.adlerelectric.com\/uploads\/2025\/06\/AdobeStock_1105036113-2048x1148.jpeg 2048w, https:\/\/www.adlerelectric.com\/uploads\/2025\/06\/AdobeStock_1105036113-600x336.jpeg 600w\" data-sizes=\"(max-width: 1024px) 100vw, 1024px\" src=\"data:image\/svg+xml;base64,PHN2ZyB3aWR0aD0iMSIgaGVpZ2h0PSIxIiB4bWxucz0iaHR0cDovL3d3dy53My5vcmcvMjAwMC9zdmciPjwvc3ZnPg==\" style=\"--smush-placeholder-width: 1024px; --smush-placeholder-aspect-ratio: 1024\/574;\" \/><\/figure>\n","protected":false},"excerpt":{"rendered":"Vielen Dank f\u00fcr Ihre Best\u00e4tigung! Ihre Anmeldung wurde erfolgreich best\u00e4tigt! Wir freuen uns, Sie in Zukunft \u00fcber wichtige Unternehmensnachrichten, relevante Branchentrends und Produktneuheiten auf dem Laufenden zu halten.","protected":false},"author":2,"featured_media":0,"parent":0,"menu_order":0,"comment_status":"closed","ping_status":"closed","template":"","meta":{"footnotes":""},"class_list":["post-30831","page","type-page","status-publish","hentry"],"yoast_head":"<!-- This site is optimized with the Yoast SEO plugin v26.8 - https:\/\/yoast.com\/product\/yoast-seo-wordpress\/ -->\n<title>Best\u00e4tigung erfolgreich - ADLER<\/title>\n<meta name=\"robots\" content=\"index, follow, max-snippet:-1, max-image-preview:large, max-video-preview:-1\" \/>\n<link rel=\"canonical\" href=\"https:\/\/www.adlerelectric.com\/de\/confirmation-successful\/\" \/>\n<meta property=\"og:locale\" content=\"de_DE\" \/>\n<meta property=\"og:type\" content=\"article\" \/>\n<meta property=\"og:title\" content=\"Best\u00e4tigung erfolgreich - ADLER\" \/>\n<meta property=\"og:description\" content=\"Vielen Dank f\u00fcr Ihre Best\u00e4tigung! Ihre Anmeldung wurde erfolgreich best\u00e4tigt! Wir freuen uns, Sie in Zukunft \u00fcber wichtige Unternehmensnachrichten, relevante Branchentrends und Produktneuheiten auf dem Laufenden zu halten.\" \/>\n<meta property=\"og:url\" content=\"https:\/\/www.adlerelectric.com\/de\/confirmation-successful\/\" \/>\n<meta property=\"og:site_name\" content=\"ADLER\" \/>\n<meta property=\"article:modified_time\" content=\"2025-06-19T19:25:28+00:00\" \/>\n<meta property=\"og:image\" content=\"https:\/\/www.adlerelectric.com\/uploads\/2025\/06\/AdobeStock_1105036113-scaled.jpeg\" \/>\n\t<meta property=\"og:image:width\" content=\"2560\" \/>\n\t<meta property=\"og:image:height\" content=\"1435\" \/>\n\t<meta property=\"og:image:type\" content=\"image\/jpeg\" \/>\n<meta name=\"twitter:card\" content=\"summary_large_image\" \/>\n<meta name=\"twitter:label1\" content=\"Gesch\u00e4tzte Lesezeit\" \/>\n\t<meta name=\"twitter:data1\" content=\"1\u00a0Minute\" \/>\n<script type=\"application\/ld+json\" class=\"yoast-schema-graph\">{\"@context\":\"https:\/\/schema.org\",\"@graph\":[{\"@type\":\"WebPage\",\"@id\":\"https:\/\/www.adlerelectric.com\/de\/confirmation-successful\/\",\"url\":\"https:\/\/www.adlerelectric.com\/de\/confirmation-successful\/\",\"name\":\"Best\u00e4tigung erfolgreich - ADLER\",\"isPartOf\":{\"@id\":\"https:\/\/www.adlerelectric.com\/de\/#website\"},\"primaryImageOfPage\":{\"@id\":\"https:\/\/www.adlerelectric.com\/de\/confirmation-successful\/#primaryimage\"},\"image\":{\"@id\":\"https:\/\/www.adlerelectric.com\/de\/confirmation-successful\/#primaryimage\"},\"thumbnailUrl\":\"https:\/\/www.adlerelectric.com\/uploads\/2025\/06\/AdobeStock_1105036113-1024x574.jpeg\",\"datePublished\":\"2025-03-28T14:17:02+00:00\",\"dateModified\":\"2025-06-19T19:25:28+00:00\",\"breadcrumb\":{\"@id\":\"https:\/\/www.adlerelectric.com\/de\/confirmation-successful\/#breadcrumb\"},\"inLanguage\":\"de\",\"potentialAction\":[{\"@type\":\"ReadAction\",\"target\":[\"https:\/\/www.adlerelectric.com\/de\/confirmation-successful\/\"]}]},{\"@type\":\"ImageObject\",\"inLanguage\":\"de\",\"@id\":\"https:\/\/www.adlerelectric.com\/de\/confirmation-successful\/#primaryimage\",\"url\":\"https:\/\/www.adlerelectric.com\/uploads\/2025\/06\/AdobeStock_1105036113-1024x574.jpeg\",\"contentUrl\":\"https:\/\/www.adlerelectric.com\/uploads\/2025\/06\/AdobeStock_1105036113-1024x574.jpeg\"},{\"@type\":\"BreadcrumbList\",\"@id\":\"https:\/\/www.adlerelectric.com\/de\/confirmation-successful\/#breadcrumb\",\"itemListElement\":[{\"@type\":\"ListItem\",\"position\":1,\"name\":\"Home\",\"item\":\"https:\/\/www.adlerelectric.com\/de\/\"},{\"@type\":\"ListItem\",\"position\":2,\"name\":\"Best\u00e4tigung erfolgreich\"}]},{\"@type\":\"WebSite\",\"@id\":\"https:\/\/www.adlerelectric.com\/de\/#website\",\"url\":\"https:\/\/www.adlerelectric.com\/de\/\",\"name\":\"ADLER\",\"description\":\"Secure Connection to the Energy Transition\",\"potentialAction\":[{\"@type\":\"SearchAction\",\"target\":{\"@type\":\"EntryPoint\",\"urlTemplate\":\"https:\/\/www.adlerelectric.com\/de\/?s={search_term_string}\"},\"query-input\":{\"@type\":\"PropertyValueSpecification\",\"valueRequired\":true,\"valueName\":\"search_term_string\"}}],\"inLanguage\":\"de\"}]}<\/script>\n<!-- \/ Yoast SEO plugin. -->","yoast_head_json":{"title":"Best\u00e4tigung erfolgreich - ADLER","robots":{"index":"index","follow":"follow","max-snippet":"max-snippet:-1","max-image-preview":"max-image-preview:large","max-video-preview":"max-video-preview:-1"},"canonical":"https:\/\/www.adlerelectric.com\/de\/confirmation-successful\/","og_locale":"de_DE","og_type":"article","og_title":"Best\u00e4tigung erfolgreich - ADLER","og_description":"Vielen Dank f\u00fcr Ihre Best\u00e4tigung! Ihre Anmeldung wurde erfolgreich best\u00e4tigt! Wir freuen uns, Sie in Zukunft \u00fcber wichtige Unternehmensnachrichten, relevante Branchentrends und Produktneuheiten auf dem Laufenden zu halten.","og_url":"https:\/\/www.adlerelectric.com\/de\/confirmation-successful\/","og_site_name":"ADLER","article_modified_time":"2025-06-19T19:25:28+00:00","og_image":[{"width":2560,"height":1435,"url":"https:\/\/www.adlerelectric.com\/uploads\/2025\/06\/AdobeStock_1105036113-scaled.jpeg","type":"image\/jpeg"}],"twitter_card":"summary_large_image","twitter_misc":{"Gesch\u00e4tzte Lesezeit":"1\u00a0Minute"},"schema":{"@context":"https:\/\/schema.org","@graph":[{"@type":"WebPage","@id":"https:\/\/www.adlerelectric.com\/de\/confirmation-successful\/","url":"https:\/\/www.adlerelectric.com\/de\/confirmation-successful\/","name":"Best\u00e4tigung erfolgreich - ADLER","isPartOf":{"@id":"https:\/\/www.adlerelectric.com\/de\/#website"},"primaryImageOfPage":{"@id":"https:\/\/www.adlerelectric.com\/de\/confirmation-successful\/#primaryimage"},"image":{"@id":"https:\/\/www.adlerelectric.com\/de\/confirmation-successful\/#primaryimage"},"thumbnailUrl":"https:\/\/www.adlerelectric.com\/uploads\/2025\/06\/AdobeStock_1105036113-1024x574.jpeg","datePublished":"2025-03-28T14:17:02+00:00","dateModified":"2025-06-19T19:25:28+00:00","breadcrumb":{"@id":"https:\/\/www.adlerelectric.com\/de\/confirmation-successful\/#breadcrumb"},"inLanguage":"de","potentialAction":[{"@type":"ReadAction","target":["https:\/\/www.adlerelectric.com\/de\/confirmation-successful\/"]}]},{"@type":"ImageObject","inLanguage":"de","@id":"https:\/\/www.adlerelectric.com\/de\/confirmation-successful\/#primaryimage","url":"https:\/\/www.adlerelectric.com\/uploads\/2025\/06\/AdobeStock_1105036113-1024x574.jpeg","contentUrl":"https:\/\/www.adlerelectric.com\/uploads\/2025\/06\/AdobeStock_1105036113-1024x574.jpeg"},{"@type":"BreadcrumbList","@id":"https:\/\/www.adlerelectric.com\/de\/confirmation-successful\/#breadcrumb","itemListElement":[{"@type":"ListItem","position":1,"name":"Home","item":"https:\/\/www.adlerelectric.com\/de\/"},{"@type":"ListItem","position":2,"name":"Best\u00e4tigung erfolgreich"}]},{"@type":"WebSite","@id":"https:\/\/www.adlerelectric.com\/de\/#website","url":"https:\/\/www.adlerelectric.com\/de\/","name":"ADLER","description":"Secure Connection to the Energy Transition","potentialAction":[{"@type":"SearchAction","target":{"@type":"EntryPoint","urlTemplate":"https:\/\/www.adlerelectric.com\/de\/?s={search_term_string}"},"query-input":{"@type":"PropertyValueSpecification","valueRequired":true,"valueName":"search_term_string"}}],"inLanguage":"de"}]}},"_links":{"self":[{"href":"https:\/\/www.adlerelectric.com\/de\/wp-json\/wp\/v2\/pages\/30831","targetHints":{"allow":["GET"]}}],"collection":[{"href":"https:\/\/www.adlerelectric.com\/de\/wp-json\/wp\/v2\/pages"}],"about":[{"href":"https:\/\/www.adlerelectric.com\/de\/wp-json\/wp\/v2\/types\/page"}],"author":[{"embeddable":true,"href":"https:\/\/www.adlerelectric.com\/de\/wp-json\/wp\/v2\/users\/2"}],"replies":[{"embeddable":true,"href":"https:\/\/www.adlerelectric.com\/de\/wp-json\/wp\/v2\/comments?post=30831"}],"version-history":[{"count":5,"href":"https:\/\/www.adlerelectric.com\/de\/wp-json\/wp\/v2\/pages\/30831\/revisions"}],"predecessor-version":[{"id":31899,"href":"https:\/\/www.adlerelectric.com\/de\/wp-json\/wp\/v2\/pages\/30831\/revisions\/31899"}],"wp:attachment":[{"href":"https:\/\/www.adlerelectric.com\/de\/wp-json\/wp\/v2\/media?parent=30831"}],"curies":[{"name":"wp","href":"https:\/\/api.w.org\/{rel}","templated":true}]}}