{"id":3617,"date":"2025-08-20T00:00:00","date_gmt":"2025-08-20T00:00:00","guid":{"rendered":""},"modified":"2025-08-20T15:52:21","modified_gmt":"2025-08-20T13:52:21","slug":"AEX-de_DE","status":"publish","type":"product","link":"https:\/\/www.adlerelectric.com\/de\/product\/AEX-de_DE\/","title":{"rendered":"AEX EV Fuse 1000 Vdc"},"content":{"rendered":"<p>Die EV-Sicherungen der AEX-Serie von Adler wurden speziell entwickelt und getestet, um einen erstklassigen Hilfsschutz und Hochleistungsschutz in den Steuerungssystemen von Elektro- und Hybridfahrzeugen zu bieten, und zwar mit Nennwerten von 70 bis 800 A und einem Nennausschaltverm\u00f6gen von 50 kA bei 1000 Vdc bis zu 1000 Vdc. Der AEX wurde von Grund auf speziell f\u00fcr die strengen Anforderungen und Standards der Elektrofahrzeugindustrie entwickelt. N\u00fctzlich in EV-Motoren und Steuerger\u00e4t-Batteriepaketen<\/p>","protected":false},"excerpt":{"rendered":"Die EV-Sicherungen der AEX-Serie von Adler wurden speziell entwickelt und getestet, um einen erstklassigen Hilfsschutz und Hochleistungsschutz in den Steuerungssystemen von Elektro- und Hybridfahrzeugen zu bieten, und zwar mit Nennwerten von 70 bis 800 A und einem Nennausschaltverm\u00f6gen von 50 kA bei 1000 Vdc bis zu 1000 Vdc. Der AEX wurde von Grund auf speziell [&hellip;]","protected":false},"featured_media":0,"template":"","meta":[],"product_brand":[],"product_cat":[530,532],"product_tag":[],"class_list":{"0":"post-3617","1":"product","2":"type-product","3":"status-publish","5":"product_cat-ev_de_DE","6":"product_cat-automotive_ev_fuses_de_DE","8":"first","9":"outofstock","10":"shipping-taxable","11":"product-type-variable"},"yoast_head":"<!-- This site is optimized with the Yoast SEO plugin v26.8 - https:\/\/yoast.com\/product\/yoast-seo-wordpress\/ -->\n<title>AEX EV Fuse 1000 Vdc - ADLER<\/title>\n<meta name=\"robots\" content=\"index, follow, max-snippet:-1, max-image-preview:large, max-video-preview:-1\" \/>\n<link rel=\"canonical\" href=\"https:\/\/www.adlerelectric.com\/de\/product\/AEX-de_DE\/\" \/>\n<meta property=\"og:locale\" content=\"de_DE\" \/>\n<meta property=\"og:type\" content=\"article\" \/>\n<meta property=\"og:title\" content=\"AEX EV Fuse 1000 Vdc - ADLER\" \/>\n<meta property=\"og:description\" content=\"Die EV-Sicherungen der AEX-Serie von Adler wurden speziell entwickelt und getestet, um einen erstklassigen Hilfsschutz und Hochleistungsschutz in den Steuerungssystemen von Elektro- und Hybridfahrzeugen zu bieten, und zwar mit Nennwerten von 70 bis 800 A und einem Nennausschaltverm\u00f6gen von 50 kA bei 1000 Vdc bis zu 1000 Vdc. Der AEX wurde von Grund auf speziell [&hellip;]\" \/>\n<meta property=\"og:url\" content=\"https:\/\/www.adlerelectric.com\/de\/product\/AEX-de_DE\/\" \/>\n<meta property=\"og:site_name\" content=\"ADLER\" \/>\n<meta property=\"article:modified_time\" content=\"2025-08-20T13:52:21+00:00\" \/>\n<meta name=\"twitter:card\" content=\"summary_large_image\" \/>\n<script type=\"application\/ld+json\" class=\"yoast-schema-graph\">{\"@context\":\"https:\/\/schema.org\",\"@graph\":[{\"@type\":\"WebPage\",\"@id\":\"https:\/\/www.adlerelectric.com\/de\/product\/AEX-de_DE\/\",\"url\":\"https:\/\/www.adlerelectric.com\/de\/product\/AEX-de_DE\/\",\"name\":\"AEX EV Fuse 1000 Vdc - ADLER\",\"isPartOf\":{\"@id\":\"https:\/\/www.adlerelectric.com\/de\/#website\"},\"datePublished\":\"2025-08-20T00:00:00+00:00\",\"dateModified\":\"2025-08-20T13:52:21+00:00\",\"breadcrumb\":{\"@id\":\"https:\/\/www.adlerelectric.com\/de\/product\/AEX-de_DE\/#breadcrumb\"},\"inLanguage\":\"de\",\"potentialAction\":[{\"@type\":\"ReadAction\",\"target\":[\"https:\/\/www.adlerelectric.com\/de\/product\/AEX-de_DE\/\"]}]},{\"@type\":\"BreadcrumbList\",\"@id\":\"https:\/\/www.adlerelectric.com\/de\/product\/AEX-de_DE\/#breadcrumb\",\"itemListElement\":[{\"@type\":\"ListItem\",\"position\":1,\"name\":\"Home\",\"item\":\"https:\/\/www.adlerelectric.com\/de\/\"},{\"@type\":\"ListItem\",\"position\":2,\"name\":\"Produkte\",\"item\":\"https:\/\/www.adlerelectric.com\/de\/produkte\/\"},{\"@type\":\"ListItem\",\"position\":3,\"name\":\"AEX EV Fuse 1000 Vdc\"}]},{\"@type\":\"WebSite\",\"@id\":\"https:\/\/www.adlerelectric.com\/de\/#website\",\"url\":\"https:\/\/www.adlerelectric.com\/de\/\",\"name\":\"ADLER\",\"description\":\"Secure Connection to the Energy Transition\",\"potentialAction\":[{\"@type\":\"SearchAction\",\"target\":{\"@type\":\"EntryPoint\",\"urlTemplate\":\"https:\/\/www.adlerelectric.com\/de\/?s={search_term_string}\"},\"query-input\":{\"@type\":\"PropertyValueSpecification\",\"valueRequired\":true,\"valueName\":\"search_term_string\"}}],\"inLanguage\":\"de\"}]}<\/script>\n<!-- \/ Yoast SEO plugin. -->","yoast_head_json":{"title":"AEX EV Fuse 1000 Vdc - ADLER","robots":{"index":"index","follow":"follow","max-snippet":"max-snippet:-1","max-image-preview":"max-image-preview:large","max-video-preview":"max-video-preview:-1"},"canonical":"https:\/\/www.adlerelectric.com\/de\/product\/AEX-de_DE\/","og_locale":"de_DE","og_type":"article","og_title":"AEX EV Fuse 1000 Vdc - ADLER","og_description":"Die EV-Sicherungen der AEX-Serie von Adler wurden speziell entwickelt und getestet, um einen erstklassigen Hilfsschutz und Hochleistungsschutz in den Steuerungssystemen von Elektro- und Hybridfahrzeugen zu bieten, und zwar mit Nennwerten von 70 bis 800 A und einem Nennausschaltverm\u00f6gen von 50 kA bei 1000 Vdc bis zu 1000 Vdc. Der AEX wurde von Grund auf speziell [&hellip;]","og_url":"https:\/\/www.adlerelectric.com\/de\/product\/AEX-de_DE\/","og_site_name":"ADLER","article_modified_time":"2025-08-20T13:52:21+00:00","twitter_card":"summary_large_image","schema":{"@context":"https:\/\/schema.org","@graph":[{"@type":"WebPage","@id":"https:\/\/www.adlerelectric.com\/de\/product\/AEX-de_DE\/","url":"https:\/\/www.adlerelectric.com\/de\/product\/AEX-de_DE\/","name":"AEX EV Fuse 1000 Vdc - ADLER","isPartOf":{"@id":"https:\/\/www.adlerelectric.com\/de\/#website"},"datePublished":"2025-08-20T00:00:00+00:00","dateModified":"2025-08-20T13:52:21+00:00","breadcrumb":{"@id":"https:\/\/www.adlerelectric.com\/de\/product\/AEX-de_DE\/#breadcrumb"},"inLanguage":"de","potentialAction":[{"@type":"ReadAction","target":["https:\/\/www.adlerelectric.com\/de\/product\/AEX-de_DE\/"]}]},{"@type":"BreadcrumbList","@id":"https:\/\/www.adlerelectric.com\/de\/product\/AEX-de_DE\/#breadcrumb","itemListElement":[{"@type":"ListItem","position":1,"name":"Home","item":"https:\/\/www.adlerelectric.com\/de\/"},{"@type":"ListItem","position":2,"name":"Produkte","item":"https:\/\/www.adlerelectric.com\/de\/produkte\/"},{"@type":"ListItem","position":3,"name":"AEX EV Fuse 1000 Vdc"}]},{"@type":"WebSite","@id":"https:\/\/www.adlerelectric.com\/de\/#website","url":"https:\/\/www.adlerelectric.com\/de\/","name":"ADLER","description":"Secure Connection to the Energy Transition","potentialAction":[{"@type":"SearchAction","target":{"@type":"EntryPoint","urlTemplate":"https:\/\/www.adlerelectric.com\/de\/?s={search_term_string}"},"query-input":{"@type":"PropertyValueSpecification","valueRequired":true,"valueName":"search_term_string"}}],"inLanguage":"de"}]}},"_links":{"self":[{"href":"https:\/\/www.adlerelectric.com\/de\/wp-json\/wp\/v2\/product\/3617","targetHints":{"allow":["GET"]}}],"collection":[{"href":"https:\/\/www.adlerelectric.com\/de\/wp-json\/wp\/v2\/product"}],"about":[{"href":"https:\/\/www.adlerelectric.com\/de\/wp-json\/wp\/v2\/types\/product"}],"wp:attachment":[{"href":"https:\/\/www.adlerelectric.com\/de\/wp-json\/wp\/v2\/media?parent=3617"}],"wp:term":[{"taxonomy":"product_brand","embeddable":true,"href":"https:\/\/www.adlerelectric.com\/de\/wp-json\/wp\/v2\/product_brand?post=3617"},{"taxonomy":"product_cat","embeddable":true,"href":"https:\/\/www.adlerelectric.com\/de\/wp-json\/wp\/v2\/product_cat?post=3617"},{"taxonomy":"product_tag","embeddable":true,"href":"https:\/\/www.adlerelectric.com\/de\/wp-json\/wp\/v2\/product_tag?post=3617"}],"curies":[{"name":"wp","href":"https:\/\/api.w.org\/{rel}","templated":true}]}}