{"id":4401,"date":"2025-02-12T00:00:00","date_gmt":"2025-02-12T00:00:00","guid":{"rendered":""},"modified":"2025-02-12T19:28:08","modified_gmt":"2025-02-12T18:28:08","slug":"ARC_22x58-de_DE","status":"publish","type":"product","link":"https:\/\/www.adlerelectric.com\/de\/product\/ARC_22x58-de_DE\/","title":{"rendered":"ARC 22&#215;58 mm Fuses"},"content":{"rendered":"<p>Adler ESS-Sicherungen der Serie ARC werden f\u00fcr den Einsatz in der Halbleitertechnik entwickelt und hergestellt. f\u00fcr den Halbleiterschutz entwickelt, aus den hochwertigsten Materialien hergestellt und nach den h\u00f6chsten Standards getestet. Mit Nennstr\u00f6men von 16A bis 100A mit einem Ausschaltverm\u00f6gen von 80 &#8211; 120kA.<\/p>","protected":false},"excerpt":{"rendered":"Adler ESS-Sicherungen der Serie ARC werden f\u00fcr den Einsatz in der Halbleitertechnik entwickelt und hergestellt. f\u00fcr den Halbleiterschutz entwickelt, aus den hochwertigsten Materialien hergestellt und nach den h\u00f6chsten Standards getestet. Mit Nennstr\u00f6men von 16A bis 100A mit einem Ausschaltverm\u00f6gen von 80 &#8211; 120kA.","protected":false},"featured_media":0,"template":"","meta":[],"product_brand":[],"product_cat":[552,554],"product_tag":[],"class_list":{"0":"post-4401","1":"product","2":"type-product","3":"status-publish","5":"product_cat-energy_storage_system_ess_fuses_de_DE","6":"product_cat-semiconductor_fuses_de_DE","8":"first","9":"outofstock","10":"shipping-taxable","11":"product-type-variable"},"yoast_head":"<!-- This site is optimized with the Yoast SEO plugin v26.8 - https:\/\/yoast.com\/product\/yoast-seo-wordpress\/ -->\n<title>ARC 22x58 mm Fuses - ADLER<\/title>\n<meta name=\"robots\" content=\"index, follow, max-snippet:-1, max-image-preview:large, max-video-preview:-1\" \/>\n<link rel=\"canonical\" href=\"https:\/\/www.adlerelectric.com\/de\/product\/ARC_22x58-de_DE\/\" \/>\n<meta property=\"og:locale\" content=\"de_DE\" \/>\n<meta property=\"og:type\" content=\"article\" \/>\n<meta property=\"og:title\" content=\"ARC 22x58 mm Fuses - ADLER\" \/>\n<meta property=\"og:description\" content=\"Adler ESS-Sicherungen der Serie ARC werden f\u00fcr den Einsatz in der Halbleitertechnik entwickelt und hergestellt. f\u00fcr den Halbleiterschutz entwickelt, aus den hochwertigsten Materialien hergestellt und nach den h\u00f6chsten Standards getestet. Mit Nennstr\u00f6men von 16A bis 100A mit einem Ausschaltverm\u00f6gen von 80 &#8211; 120kA.\" \/>\n<meta property=\"og:url\" content=\"https:\/\/www.adlerelectric.com\/de\/product\/ARC_22x58-de_DE\/\" \/>\n<meta property=\"og:site_name\" content=\"ADLER\" \/>\n<meta property=\"article:modified_time\" content=\"2025-02-12T18:28:08+00:00\" \/>\n<meta name=\"twitter:card\" content=\"summary_large_image\" \/>\n<script type=\"application\/ld+json\" class=\"yoast-schema-graph\">{\"@context\":\"https:\/\/schema.org\",\"@graph\":[{\"@type\":\"WebPage\",\"@id\":\"https:\/\/www.adlerelectric.com\/de\/product\/ARC_22x58-de_DE\/\",\"url\":\"https:\/\/www.adlerelectric.com\/de\/product\/ARC_22x58-de_DE\/\",\"name\":\"ARC 22x58 mm Fuses - ADLER\",\"isPartOf\":{\"@id\":\"https:\/\/www.adlerelectric.com\/de\/#website\"},\"datePublished\":\"2025-02-12T00:00:00+00:00\",\"dateModified\":\"2025-02-12T18:28:08+00:00\",\"breadcrumb\":{\"@id\":\"https:\/\/www.adlerelectric.com\/de\/product\/ARC_22x58-de_DE\/#breadcrumb\"},\"inLanguage\":\"de\",\"potentialAction\":[{\"@type\":\"ReadAction\",\"target\":[\"https:\/\/www.adlerelectric.com\/de\/product\/ARC_22x58-de_DE\/\"]}]},{\"@type\":\"BreadcrumbList\",\"@id\":\"https:\/\/www.adlerelectric.com\/de\/product\/ARC_22x58-de_DE\/#breadcrumb\",\"itemListElement\":[{\"@type\":\"ListItem\",\"position\":1,\"name\":\"Home\",\"item\":\"https:\/\/www.adlerelectric.com\/de\/\"},{\"@type\":\"ListItem\",\"position\":2,\"name\":\"Produkte\",\"item\":\"https:\/\/www.adlerelectric.com\/de\/produkte\/\"},{\"@type\":\"ListItem\",\"position\":3,\"name\":\"ARC 22&#215;58 mm Fuses\"}]},{\"@type\":\"WebSite\",\"@id\":\"https:\/\/www.adlerelectric.com\/de\/#website\",\"url\":\"https:\/\/www.adlerelectric.com\/de\/\",\"name\":\"ADLER\",\"description\":\"Secure Connection to the Energy Transition\",\"potentialAction\":[{\"@type\":\"SearchAction\",\"target\":{\"@type\":\"EntryPoint\",\"urlTemplate\":\"https:\/\/www.adlerelectric.com\/de\/?s={search_term_string}\"},\"query-input\":{\"@type\":\"PropertyValueSpecification\",\"valueRequired\":true,\"valueName\":\"search_term_string\"}}],\"inLanguage\":\"de\"}]}<\/script>\n<!-- \/ Yoast SEO plugin. -->","yoast_head_json":{"title":"ARC 22x58 mm Fuses - ADLER","robots":{"index":"index","follow":"follow","max-snippet":"max-snippet:-1","max-image-preview":"max-image-preview:large","max-video-preview":"max-video-preview:-1"},"canonical":"https:\/\/www.adlerelectric.com\/de\/product\/ARC_22x58-de_DE\/","og_locale":"de_DE","og_type":"article","og_title":"ARC 22x58 mm Fuses - ADLER","og_description":"Adler ESS-Sicherungen der Serie ARC werden f\u00fcr den Einsatz in der Halbleitertechnik entwickelt und hergestellt. f\u00fcr den Halbleiterschutz entwickelt, aus den hochwertigsten Materialien hergestellt und nach den h\u00f6chsten Standards getestet. Mit Nennstr\u00f6men von 16A bis 100A mit einem Ausschaltverm\u00f6gen von 80 &#8211; 120kA.","og_url":"https:\/\/www.adlerelectric.com\/de\/product\/ARC_22x58-de_DE\/","og_site_name":"ADLER","article_modified_time":"2025-02-12T18:28:08+00:00","twitter_card":"summary_large_image","schema":{"@context":"https:\/\/schema.org","@graph":[{"@type":"WebPage","@id":"https:\/\/www.adlerelectric.com\/de\/product\/ARC_22x58-de_DE\/","url":"https:\/\/www.adlerelectric.com\/de\/product\/ARC_22x58-de_DE\/","name":"ARC 22x58 mm Fuses - ADLER","isPartOf":{"@id":"https:\/\/www.adlerelectric.com\/de\/#website"},"datePublished":"2025-02-12T00:00:00+00:00","dateModified":"2025-02-12T18:28:08+00:00","breadcrumb":{"@id":"https:\/\/www.adlerelectric.com\/de\/product\/ARC_22x58-de_DE\/#breadcrumb"},"inLanguage":"de","potentialAction":[{"@type":"ReadAction","target":["https:\/\/www.adlerelectric.com\/de\/product\/ARC_22x58-de_DE\/"]}]},{"@type":"BreadcrumbList","@id":"https:\/\/www.adlerelectric.com\/de\/product\/ARC_22x58-de_DE\/#breadcrumb","itemListElement":[{"@type":"ListItem","position":1,"name":"Home","item":"https:\/\/www.adlerelectric.com\/de\/"},{"@type":"ListItem","position":2,"name":"Produkte","item":"https:\/\/www.adlerelectric.com\/de\/produkte\/"},{"@type":"ListItem","position":3,"name":"ARC 22&#215;58 mm Fuses"}]},{"@type":"WebSite","@id":"https:\/\/www.adlerelectric.com\/de\/#website","url":"https:\/\/www.adlerelectric.com\/de\/","name":"ADLER","description":"Secure Connection to the Energy Transition","potentialAction":[{"@type":"SearchAction","target":{"@type":"EntryPoint","urlTemplate":"https:\/\/www.adlerelectric.com\/de\/?s={search_term_string}"},"query-input":{"@type":"PropertyValueSpecification","valueRequired":true,"valueName":"search_term_string"}}],"inLanguage":"de"}]}},"_links":{"self":[{"href":"https:\/\/www.adlerelectric.com\/de\/wp-json\/wp\/v2\/product\/4401","targetHints":{"allow":["GET"]}}],"collection":[{"href":"https:\/\/www.adlerelectric.com\/de\/wp-json\/wp\/v2\/product"}],"about":[{"href":"https:\/\/www.adlerelectric.com\/de\/wp-json\/wp\/v2\/types\/product"}],"wp:attachment":[{"href":"https:\/\/www.adlerelectric.com\/de\/wp-json\/wp\/v2\/media?parent=4401"}],"wp:term":[{"taxonomy":"product_brand","embeddable":true,"href":"https:\/\/www.adlerelectric.com\/de\/wp-json\/wp\/v2\/product_brand?post=4401"},{"taxonomy":"product_cat","embeddable":true,"href":"https:\/\/www.adlerelectric.com\/de\/wp-json\/wp\/v2\/product_cat?post=4401"},{"taxonomy":"product_tag","embeddable":true,"href":"https:\/\/www.adlerelectric.com\/de\/wp-json\/wp\/v2\/product_tag?post=4401"}],"curies":[{"name":"wp","href":"https:\/\/api.w.org\/{rel}","templated":true}]}}