{"id":4829,"date":"2025-04-29T00:00:00","date_gmt":"2025-04-29T00:00:00","guid":{"rendered":""},"modified":"2025-04-29T14:04:35","modified_gmt":"2025-04-29T12:04:35","slug":"AX6-de_DE","status":"publish","type":"product","link":"https:\/\/www.adlerelectric.com\/de\/product\/AX6-de_DE\/","title":{"rendered":"AX6 gPV Fuse 1500 Vdc"},"content":{"rendered":"<p>Die PV-Sicherungen der Serie AX6 von Adler wurden f\u00fcr den Einsatz in Verteilerk\u00e4sten und zum Schutz von Stromspeichern entwickelt und hergestellt. Sie werden aus den hochwertigsten Materialien gefertigt und nach den h\u00f6chsten Standards getestet. Mit Nennstr\u00f6men von 80A bis 200A und einem Ausschaltverm\u00f6gen von 10kA.<\/p>","protected":false},"excerpt":{"rendered":"Die PV-Sicherungen der Serie AX6 von Adler wurden f\u00fcr den Einsatz in Verteilerk\u00e4sten und zum Schutz von Stromspeichern entwickelt und hergestellt. Sie werden aus den hochwertigsten Materialien gefertigt und nach den h\u00f6chsten Standards getestet. Mit Nennstr\u00f6men von 80A bis 200A und einem Ausschaltverm\u00f6gen von 10kA.","protected":false},"featured_media":0,"template":"","meta":[],"product_brand":[],"product_cat":[544,542],"product_tag":[],"class_list":{"0":"post-4829","1":"product","2":"type-product","3":"status-publish","5":"product_cat-pv_nh_fuses_de_DE","6":"product_cat-pv_cylindrical_fuses_de_DE","8":"first","9":"outofstock","10":"shipping-taxable","11":"product-type-variable"},"yoast_head":"<!-- This site is optimized with the Yoast SEO plugin v26.8 - https:\/\/yoast.com\/product\/yoast-seo-wordpress\/ -->\n<title>AX6 gPV Fuse 1500 Vdc - ADLER<\/title>\n<meta name=\"robots\" content=\"index, follow, max-snippet:-1, max-image-preview:large, max-video-preview:-1\" \/>\n<link rel=\"canonical\" href=\"https:\/\/www.adlerelectric.com\/de\/product\/AX6-de_DE\/\" \/>\n<meta property=\"og:locale\" content=\"de_DE\" \/>\n<meta property=\"og:type\" content=\"article\" \/>\n<meta property=\"og:title\" content=\"AX6 gPV Fuse 1500 Vdc - ADLER\" \/>\n<meta property=\"og:description\" content=\"Die PV-Sicherungen der Serie AX6 von Adler wurden f\u00fcr den Einsatz in Verteilerk\u00e4sten und zum Schutz von Stromspeichern entwickelt und hergestellt. Sie werden aus den hochwertigsten Materialien gefertigt und nach den h\u00f6chsten Standards getestet. Mit Nennstr\u00f6men von 80A bis 200A und einem Ausschaltverm\u00f6gen von 10kA.\" \/>\n<meta property=\"og:url\" content=\"https:\/\/www.adlerelectric.com\/de\/product\/AX6-de_DE\/\" \/>\n<meta property=\"og:site_name\" content=\"ADLER\" \/>\n<meta property=\"article:modified_time\" content=\"2025-04-29T12:04:35+00:00\" \/>\n<meta name=\"twitter:card\" content=\"summary_large_image\" \/>\n<script type=\"application\/ld+json\" class=\"yoast-schema-graph\">{\"@context\":\"https:\/\/schema.org\",\"@graph\":[{\"@type\":\"WebPage\",\"@id\":\"https:\/\/www.adlerelectric.com\/de\/product\/AX6-de_DE\/\",\"url\":\"https:\/\/www.adlerelectric.com\/de\/product\/AX6-de_DE\/\",\"name\":\"AX6 gPV Fuse 1500 Vdc - ADLER\",\"isPartOf\":{\"@id\":\"https:\/\/www.adlerelectric.com\/de\/#website\"},\"datePublished\":\"2025-04-29T00:00:00+00:00\",\"dateModified\":\"2025-04-29T12:04:35+00:00\",\"breadcrumb\":{\"@id\":\"https:\/\/www.adlerelectric.com\/de\/product\/AX6-de_DE\/#breadcrumb\"},\"inLanguage\":\"de\",\"potentialAction\":[{\"@type\":\"ReadAction\",\"target\":[\"https:\/\/www.adlerelectric.com\/de\/product\/AX6-de_DE\/\"]}]},{\"@type\":\"BreadcrumbList\",\"@id\":\"https:\/\/www.adlerelectric.com\/de\/product\/AX6-de_DE\/#breadcrumb\",\"itemListElement\":[{\"@type\":\"ListItem\",\"position\":1,\"name\":\"Home\",\"item\":\"https:\/\/www.adlerelectric.com\/de\/\"},{\"@type\":\"ListItem\",\"position\":2,\"name\":\"Produkte\",\"item\":\"https:\/\/www.adlerelectric.com\/de\/produkte\/\"},{\"@type\":\"ListItem\",\"position\":3,\"name\":\"AX6 gPV Fuse 1500 Vdc\"}]},{\"@type\":\"WebSite\",\"@id\":\"https:\/\/www.adlerelectric.com\/de\/#website\",\"url\":\"https:\/\/www.adlerelectric.com\/de\/\",\"name\":\"ADLER\",\"description\":\"Secure Connection to the Energy Transition\",\"potentialAction\":[{\"@type\":\"SearchAction\",\"target\":{\"@type\":\"EntryPoint\",\"urlTemplate\":\"https:\/\/www.adlerelectric.com\/de\/?s={search_term_string}\"},\"query-input\":{\"@type\":\"PropertyValueSpecification\",\"valueRequired\":true,\"valueName\":\"search_term_string\"}}],\"inLanguage\":\"de\"}]}<\/script>\n<!-- \/ Yoast SEO plugin. -->","yoast_head_json":{"title":"AX6 gPV Fuse 1500 Vdc - ADLER","robots":{"index":"index","follow":"follow","max-snippet":"max-snippet:-1","max-image-preview":"max-image-preview:large","max-video-preview":"max-video-preview:-1"},"canonical":"https:\/\/www.adlerelectric.com\/de\/product\/AX6-de_DE\/","og_locale":"de_DE","og_type":"article","og_title":"AX6 gPV Fuse 1500 Vdc - ADLER","og_description":"Die PV-Sicherungen der Serie AX6 von Adler wurden f\u00fcr den Einsatz in Verteilerk\u00e4sten und zum Schutz von Stromspeichern entwickelt und hergestellt. Sie werden aus den hochwertigsten Materialien gefertigt und nach den h\u00f6chsten Standards getestet. Mit Nennstr\u00f6men von 80A bis 200A und einem Ausschaltverm\u00f6gen von 10kA.","og_url":"https:\/\/www.adlerelectric.com\/de\/product\/AX6-de_DE\/","og_site_name":"ADLER","article_modified_time":"2025-04-29T12:04:35+00:00","twitter_card":"summary_large_image","schema":{"@context":"https:\/\/schema.org","@graph":[{"@type":"WebPage","@id":"https:\/\/www.adlerelectric.com\/de\/product\/AX6-de_DE\/","url":"https:\/\/www.adlerelectric.com\/de\/product\/AX6-de_DE\/","name":"AX6 gPV Fuse 1500 Vdc - ADLER","isPartOf":{"@id":"https:\/\/www.adlerelectric.com\/de\/#website"},"datePublished":"2025-04-29T00:00:00+00:00","dateModified":"2025-04-29T12:04:35+00:00","breadcrumb":{"@id":"https:\/\/www.adlerelectric.com\/de\/product\/AX6-de_DE\/#breadcrumb"},"inLanguage":"de","potentialAction":[{"@type":"ReadAction","target":["https:\/\/www.adlerelectric.com\/de\/product\/AX6-de_DE\/"]}]},{"@type":"BreadcrumbList","@id":"https:\/\/www.adlerelectric.com\/de\/product\/AX6-de_DE\/#breadcrumb","itemListElement":[{"@type":"ListItem","position":1,"name":"Home","item":"https:\/\/www.adlerelectric.com\/de\/"},{"@type":"ListItem","position":2,"name":"Produkte","item":"https:\/\/www.adlerelectric.com\/de\/produkte\/"},{"@type":"ListItem","position":3,"name":"AX6 gPV Fuse 1500 Vdc"}]},{"@type":"WebSite","@id":"https:\/\/www.adlerelectric.com\/de\/#website","url":"https:\/\/www.adlerelectric.com\/de\/","name":"ADLER","description":"Secure Connection to the Energy Transition","potentialAction":[{"@type":"SearchAction","target":{"@type":"EntryPoint","urlTemplate":"https:\/\/www.adlerelectric.com\/de\/?s={search_term_string}"},"query-input":{"@type":"PropertyValueSpecification","valueRequired":true,"valueName":"search_term_string"}}],"inLanguage":"de"}]}},"_links":{"self":[{"href":"https:\/\/www.adlerelectric.com\/de\/wp-json\/wp\/v2\/product\/4829","targetHints":{"allow":["GET"]}}],"collection":[{"href":"https:\/\/www.adlerelectric.com\/de\/wp-json\/wp\/v2\/product"}],"about":[{"href":"https:\/\/www.adlerelectric.com\/de\/wp-json\/wp\/v2\/types\/product"}],"wp:attachment":[{"href":"https:\/\/www.adlerelectric.com\/de\/wp-json\/wp\/v2\/media?parent=4829"}],"wp:term":[{"taxonomy":"product_brand","embeddable":true,"href":"https:\/\/www.adlerelectric.com\/de\/wp-json\/wp\/v2\/product_brand?post=4829"},{"taxonomy":"product_cat","embeddable":true,"href":"https:\/\/www.adlerelectric.com\/de\/wp-json\/wp\/v2\/product_cat?post=4829"},{"taxonomy":"product_tag","embeddable":true,"href":"https:\/\/www.adlerelectric.com\/de\/wp-json\/wp\/v2\/product_tag?post=4829"}],"curies":[{"name":"wp","href":"https:\/\/api.w.org\/{rel}","templated":true}]}}